{"id":8597,"date":"2024-11-12T13:05:59","date_gmt":"2024-11-12T12:05:59","guid":{"rendered":"http:\/\/goriziane.vps01-multiways.it\/mro\/?page_id=8597"},"modified":"2025-04-03T13:31:22","modified_gmt":"2025-04-03T11:31:22","slug":"reparti-mro-settore-difesa","status":"publish","type":"page","link":"https:\/\/www.goriziane.it\/mro\/competenze\/reparti-mro-settore-difesa\/","title":{"rendered":"Reparti MRO settore difesa"},"content":{"rendered":"\t\t<div data-elementor-type=\"wp-page\" data-elementor-id=\"8597\" class=\"elementor elementor-8597\">\n\t\t\t\t\t\t<section class=\"elementor-section elementor-top-section elementor-element elementor-element-8ab5842 elementor-section-full_width qodef-elementor-content-grid elementor-section-height-default elementor-section-height-default\" data-id=\"8ab5842\" data-element_type=\"section\" data-settings=\"{&quot;background_background&quot;:&quot;classic&quot;}\">\n\t\t\t\t\t\t<div class=\"elementor-container elementor-column-gap-default\">\n\t\t\t\t\t<div class=\"elementor-column elementor-col-100 elementor-top-column elementor-element elementor-element-21a0e6d\" data-id=\"21a0e6d\" data-element_type=\"column\">\n\t\t\t<div class=\"elementor-widget-wrap elementor-element-populated\">\n\t\t\t\t\t\t<div class=\"elementor-element elementor-element-944df47 elementor-widget elementor-widget-manufaktursolutions_core_section_title\" data-id=\"944df47\" data-element_type=\"widget\" data-widget_type=\"manufaktursolutions_core_section_title.default\">\n\t\t\t\t<div class=\"elementor-widget-container\">\n\t\t\t<div class=\"qodef-shortcode qodef-m  qodef-section-title qodef-alignment--left qodef-title-break--disabled  \">\n\t\t<p class=\"qodef-m-highlight-text\" style=\"color: #FFFFFF;margin-bottom: 25px\">Come operiamo<\/p>\n\t\t<h1 class=\"qodef-m-title\" style=\"color: #FFFFFF\">\n\t\t\t\t\tI reparti MRO\t\t\t<\/h1>\n\t\t<\/div>\n\t\t<\/div>\n\t\t\t\t<\/div>\n\t\t\t\t\t<\/div>\n\t\t<\/div>\n\t\t\t\t\t<\/div>\n\t\t<\/section>\n\t\t\t\t<section class=\"elementor-section elementor-top-section elementor-element elementor-element-44d9185 elementor-section-full_width qodef-elementor-content-grid elementor-section-height-default elementor-section-height-default\" data-id=\"44d9185\" data-element_type=\"section\" data-settings=\"{&quot;background_background&quot;:&quot;classic&quot;}\">\n\t\t\t\t\t\t\t<div class=\"elementor-background-overlay\"><\/div>\n\t\t\t\t\t\t\t<div class=\"elementor-container elementor-column-gap-default\">\n\t\t\t\t\t<div class=\"elementor-column elementor-col-50 elementor-top-column elementor-element elementor-element-7b7d6d7\" data-id=\"7b7d6d7\" data-element_type=\"column\">\n\t\t\t<div class=\"elementor-widget-wrap elementor-element-populated\">\n\t\t\t\t\t\t<div class=\"elementor-element elementor-element-92b0a15 elementor-widget elementor-widget-manufaktursolutions_core_section_title\" data-id=\"92b0a15\" data-element_type=\"widget\" data-widget_type=\"manufaktursolutions_core_section_title.default\">\n\t\t\t\t<div class=\"elementor-widget-container\">\n\t\t\t<div class=\"qodef-shortcode qodef-m  qodef-section-title qodef-alignment--left qodef-title-break--disabled  \">\n\t\t\t<h2 class=\"qodef-m-title\" style=\"color: #0F5EA5\">\n\t\t\t\t\tAutonomia al<br \/> 100% nel fornire risultati d\u2019eccellenza\t\t\t<\/h2>\n\t\t<\/div>\n\t\t<\/div>\n\t\t\t\t<\/div>\n\t\t\t\t<div class=\"elementor-element elementor-element-3df3ac0 elementor-widget elementor-widget-manufaktursolutions_core_button\" data-id=\"3df3ac0\" data-element_type=\"widget\" data-widget_type=\"manufaktursolutions_core_button.default\">\n\t\t\t\t<div class=\"elementor-widget-container\">\n\t\t\t<a class=\"qodef-shortcode qodef-m  qodef-button qodef-layout--filled  qodef-html--link\" href=\"\/mro\/wp-content\/uploads\/sites\/2\/2024\/11\/GOR_brochure_MRO_low.pdf\" target=\"_blank\"  style=\"color: #FFFFFF\">\n\t<span class=\"qodef-m-text\">Download Brochure<\/span>\n\t<span class=\"qodef-m-button-arrow-holder\" >\n        <svg class=\"qodef-svg--button-arrow\" xmlns=\"http:\/\/www.w3.org\/2000\/svg\" width=\"17.65\" height=\"13.1\"\n     viewBox=\"0 0 17.65 13.1\"><path d=\"m11.75 13.1-1.275-1.275L14.1 8.2l.85-.575-.1-.3-1.025.125H0V5.625h13.825l1.025.15.1-.3-.85-.575-3.625-3.625L11.75 0l5.9 5.9v1.3Z\"\/><path d=\"m11.75 13.1-1.275-1.275L14.1 8.2l.85-.575-.1-.3-1.025.125H0V5.625h13.825l1.025.15.1-.3-.85-.575-3.625-3.625L11.75 0l5.9 5.9v1.3Z\"\/><\/svg>    <\/span>\n<\/a>\n\t\t<\/div>\n\t\t\t\t<\/div>\n\t\t\t\t\t<\/div>\n\t\t<\/div>\n\t\t\t\t<div class=\"elementor-column elementor-col-50 elementor-top-column elementor-element elementor-element-85af184\" data-id=\"85af184\" data-element_type=\"column\">\n\t\t\t<div class=\"elementor-widget-wrap elementor-element-populated\">\n\t\t\t\t\t\t<div class=\"elementor-element elementor-element-d423996 elementor-widget elementor-widget-manufaktursolutions_core_section_title\" data-id=\"d423996\" data-element_type=\"widget\" data-widget_type=\"manufaktursolutions_core_section_title.default\">\n\t\t\t\t<div class=\"elementor-widget-container\">\n\t\t\t<div class=\"qodef-shortcode qodef-m  qodef-section-title qodef-alignment--left   \">\n\t\t\t\t\t<p class=\"qodef-m-text\" style=\"margin-top: 10px\">Uno dei punti di forza \u00e8 rappresentato dal fatto che l\u2019azienda \u00e8 responsabile dell\u2019intero processo di revisione poich\u00e9 tutte le attivit\u00e0 di verifica, test e collaudo in pista prova sono svolte internamente.<\/p>\n<\/div>\n\t\t<\/div>\n\t\t\t\t<\/div>\n\t\t\t\t<div class=\"elementor-element elementor-element-613fbaf elementor-widget elementor-widget-manufaktursolutions_core_section_title\" data-id=\"613fbaf\" data-element_type=\"widget\" data-widget_type=\"manufaktursolutions_core_section_title.default\">\n\t\t\t\t<div class=\"elementor-widget-container\">\n\t\t\t<div class=\"qodef-shortcode qodef-m  qodef-section-title qodef-alignment--left   \">\n\t\t\t\t\t<p class=\"qodef-m-text\" style=\"margin-top: 10px\">Lo stabilimento \u00e8 infatti dotato di banchi prova efficienti per testare in maniera curata tutti i componenti e i sistemi meccanici, idraulici, elettronici ed elettrici appartenenti ai veicoli precedentemente elencati.<\/p>\n<\/div>\n\t\t<\/div>\n\t\t\t\t<\/div>\n\t\t\t\t<div class=\"elementor-element elementor-element-7f72ba4 elementor-widget elementor-widget-manufaktursolutions_core_section_title\" data-id=\"7f72ba4\" data-element_type=\"widget\" data-widget_type=\"manufaktursolutions_core_section_title.default\">\n\t\t\t\t<div class=\"elementor-widget-container\">\n\t\t\t<div class=\"qodef-shortcode qodef-m  qodef-section-title qodef-alignment--left   \">\n\t\t\t\t\t<p class=\"qodef-m-text\" style=\"margin-top: 10px\">Al suo interno il sistema di qualit\u00e0 assicura il controllo diretto dei processi speciali quali saldatura, sabbiatura e verniciatura. <\/p>\n<\/div>\n\t\t<\/div>\n\t\t\t\t<\/div>\n\t\t\t\t<div class=\"elementor-element elementor-element-82638a3 elementor-widget elementor-widget-manufaktursolutions_core_section_title\" data-id=\"82638a3\" data-element_type=\"widget\" data-widget_type=\"manufaktursolutions_core_section_title.default\">\n\t\t\t\t<div class=\"elementor-widget-container\">\n\t\t\t<div class=\"qodef-shortcode qodef-m  qodef-section-title qodef-alignment--left   \">\n\t\t\t\t\t<p class=\"qodef-m-text\" style=\"margin-top: 10px\">Tutto questo consente l\u2019ottimizzazione dei tempi e dei materiali in linea nonch\u00e9 la gestione delle configurazioni di ogni singola piattaforma sottoposta a revisione.<\/p>\n<\/div>\n\t\t<\/div>\n\t\t\t\t<\/div>\n\t\t\t\t\t<\/div>\n\t\t<\/div>\n\t\t\t\t\t<\/div>\n\t\t<\/section>\n\t\t\t\t<section class=\"elementor-section elementor-top-section elementor-element elementor-element-f37dd0e elementor-section-full_width elementor-section-height-default elementor-section-height-default qodef-elementor-content-no\" data-id=\"f37dd0e\" data-element_type=\"section\">\n\t\t\t\t\t\t<div class=\"elementor-container elementor-column-gap-default\">\n\t\t\t\t\t<div class=\"elementor-column elementor-col-100 elementor-top-column elementor-element elementor-element-2e01b83\" data-id=\"2e01b83\" data-element_type=\"column\">\n\t\t\t<div class=\"elementor-widget-wrap elementor-element-populated\">\n\t\t\t\t\t\t<div class=\"elementor-element elementor-element-c5b8083 elementor-widget elementor-widget-manufaktursolutions_core_image_gallery\" data-id=\"c5b8083\" data-element_type=\"widget\" data-widget_type=\"manufaktursolutions_core_image_gallery.default\">\n\t\t\t\t<div class=\"elementor-widget-container\">\n\t\t\t<div class=\"qodef-shortcode qodef-m  qodef-image-gallery qodef-magnific-popup qodef-popup-gallery   qodef-grid qodef-layout--masonry qodef-items--fixed qodef-gutter--small qodef-col-num--4  qodef-responsive--custom qodef-col-num--1440--4 qodef-col-num--1366--4 qodef-col-num--1024--2 qodef-col-num--768--2 qodef-col-num--680--1 qodef-col-num--480--1\">\n\t<div class=\"qodef-grid-inner clear\">\n\t\t\t<div class=\"qodef-grid-masonry-sizer\"><\/div>\n\t<div class=\"qodef-grid-masonry-gutter\"><\/div>\n<div class=\"qodef-e qodef-image-wrapper qodef-grid-item  qodef-item--landscape\">\n\t\t\t<a class=\"qodef-popup-item\" itemprop=\"image\" href=\"https:\/\/www.goriziane.it\/mro\/wp-content\/uploads\/sites\/2\/2025\/02\/mro-01.jpg\" data-type=\"image\" title=\"\">\n\t\t\t<img fetchpriority=\"high\" decoding=\"async\" width=\"1300\" height=\"650\" src=\"https:\/\/www.goriziane.it\/mro\/wp-content\/uploads\/sites\/2\/2025\/02\/mro-01-1300x650.jpg\" class=\"attachment-manufaktursolutions_core_image_size_landscape size-manufaktursolutions_core_image_size_landscape\" alt=\"\" \/>\t\t\t<\/a>\n\t<\/div>\n<div class=\"qodef-e qodef-image-wrapper qodef-grid-item  qodef-item--huge-square\">\n\t\t\t<a class=\"qodef-popup-item\" itemprop=\"image\" href=\"https:\/\/www.goriziane.it\/mro\/wp-content\/uploads\/sites\/2\/2025\/02\/mro-02.jpg\" data-type=\"image\" title=\"\">\n\t\t\t<img decoding=\"async\" width=\"1000\" height=\"1073\" src=\"https:\/\/www.goriziane.it\/mro\/wp-content\/uploads\/sites\/2\/2025\/02\/mro-02.jpg\" class=\"attachment-manufaktursolutions_core_image_size_huge-square size-manufaktursolutions_core_image_size_huge-square\" alt=\"\" srcset=\"https:\/\/www.goriziane.it\/mro\/wp-content\/uploads\/sites\/2\/2025\/02\/mro-02.jpg 1000w, https:\/\/www.goriziane.it\/mro\/wp-content\/uploads\/sites\/2\/2025\/02\/mro-02-280x300.jpg 280w, https:\/\/www.goriziane.it\/mro\/wp-content\/uploads\/sites\/2\/2025\/02\/mro-02-954x1024.jpg 954w, https:\/\/www.goriziane.it\/mro\/wp-content\/uploads\/sites\/2\/2025\/02\/mro-02-768x824.jpg 768w\" sizes=\"(max-width: 1000px) 100vw, 1000px\" \/>\t\t\t<\/a>\n\t<\/div>\n<div class=\"qodef-e qodef-image-wrapper qodef-grid-item  qodef-item--landscape\">\n\t\t\t<a class=\"qodef-popup-item\" itemprop=\"image\" href=\"https:\/\/www.goriziane.it\/mro\/wp-content\/uploads\/sites\/2\/2025\/02\/mro-03.jpg\" data-type=\"image\" title=\"\">\n\t\t\t<img decoding=\"async\" width=\"1300\" height=\"650\" src=\"https:\/\/www.goriziane.it\/mro\/wp-content\/uploads\/sites\/2\/2025\/02\/mro-03-1300x650.jpg\" class=\"attachment-manufaktursolutions_core_image_size_landscape size-manufaktursolutions_core_image_size_landscape\" alt=\"\" \/>\t\t\t<\/a>\n\t<\/div>\n<div class=\"qodef-e qodef-image-wrapper qodef-grid-item  qodef-item--huge-square\">\n\t\t\t<a class=\"qodef-popup-item\" itemprop=\"image\" href=\"https:\/\/www.goriziane.it\/mro\/wp-content\/uploads\/sites\/2\/2025\/02\/mro-04.jpg\" data-type=\"image\" title=\"\">\n\t\t\t<img loading=\"lazy\" decoding=\"async\" width=\"1000\" height=\"1073\" src=\"https:\/\/www.goriziane.it\/mro\/wp-content\/uploads\/sites\/2\/2025\/02\/mro-04.jpg\" class=\"attachment-manufaktursolutions_core_image_size_huge-square size-manufaktursolutions_core_image_size_huge-square\" alt=\"\" srcset=\"https:\/\/www.goriziane.it\/mro\/wp-content\/uploads\/sites\/2\/2025\/02\/mro-04.jpg 1000w, https:\/\/www.goriziane.it\/mro\/wp-content\/uploads\/sites\/2\/2025\/02\/mro-04-280x300.jpg 280w, https:\/\/www.goriziane.it\/mro\/wp-content\/uploads\/sites\/2\/2025\/02\/mro-04-954x1024.jpg 954w, https:\/\/www.goriziane.it\/mro\/wp-content\/uploads\/sites\/2\/2025\/02\/mro-04-768x824.jpg 768w\" sizes=\"(max-width: 1000px) 100vw, 1000px\" \/>\t\t\t<\/a>\n\t<\/div>\n<div class=\"qodef-e qodef-image-wrapper qodef-grid-item  qodef-item--landscape\">\n\t\t\t<a class=\"qodef-popup-item\" itemprop=\"image\" href=\"https:\/\/www.goriziane.it\/mro\/wp-content\/uploads\/sites\/2\/2025\/02\/mro-05.jpg\" data-type=\"image\" title=\"\">\n\t\t\t<img loading=\"lazy\" decoding=\"async\" width=\"1300\" height=\"650\" src=\"https:\/\/www.goriziane.it\/mro\/wp-content\/uploads\/sites\/2\/2025\/02\/mro-05-1300x650.jpg\" class=\"attachment-manufaktursolutions_core_image_size_landscape size-manufaktursolutions_core_image_size_landscape\" alt=\"\" \/>\t\t\t<\/a>\n\t<\/div>\n<div class=\"qodef-e qodef-image-wrapper qodef-grid-item  qodef-item--landscape\">\n\t\t\t<a class=\"qodef-popup-item\" itemprop=\"image\" href=\"https:\/\/www.goriziane.it\/mro\/wp-content\/uploads\/sites\/2\/2025\/02\/mro-06.jpg\" data-type=\"image\" title=\"\">\n\t\t\t<img loading=\"lazy\" decoding=\"async\" width=\"1300\" height=\"650\" src=\"https:\/\/www.goriziane.it\/mro\/wp-content\/uploads\/sites\/2\/2025\/02\/mro-06-1300x650.jpg\" class=\"attachment-manufaktursolutions_core_image_size_landscape size-manufaktursolutions_core_image_size_landscape\" alt=\"\" \/>\t\t\t<\/a>\n\t<\/div>\n\t<\/div>\n<\/div>\n\t\t<\/div>\n\t\t\t\t<\/div>\n\t\t\t\t\t<\/div>\n\t\t<\/div>\n\t\t\t\t\t<\/div>\n\t\t<\/section>\n\t\t\t\t<\/div>\n\t\t","protected":false},"excerpt":{"rendered":"<p>Come operiamo I reparti MRO Autonomia al 100% nel fornire risultati d\u2019eccellenza Download Brochure Uno dei punti di forza \u00e8 rappresentato dal fatto che l\u2019azienda \u00e8 responsabile dell\u2019intero processo di revisione poich\u00e9 tutte le attivit\u00e0 di verifica, test e collaudo in pista prova sono svolte internamente. Lo stabilimento \u00e8 infatti dotato di banchi prova efficienti [&hellip;]<\/p>\n","protected":false},"author":1,"featured_media":0,"parent":9364,"menu_order":0,"comment_status":"closed","ping_status":"closed","template":"page-full-width.php","meta":{"footnotes":""},"class_list":["post-8597","page","type-page","status-publish","hentry"],"yoast_head":"<!-- This site is optimized with the Yoast SEO plugin v25.0 - https:\/\/yoast.com\/wordpress\/plugins\/seo\/ -->\n<title>Reparti MRO settore difesa - Maintenance, Repair and Overhaul<\/title>\n<meta name=\"description\" content=\"Goriziane S.p.A. \u00e8 specializzata nella revisione, riparazione, manutenzione di una vasta gamma di veicoli militari pesanti e leggeri.\" \/>\n<meta name=\"robots\" content=\"index, follow, max-snippet:-1, max-image-preview:large, max-video-preview:-1\" \/>\n<link rel=\"canonical\" href=\"https:\/\/www.goriziane.it\/mro\/competenze\/reparti-mro-settore-difesa\/\" \/>\n<meta property=\"og:locale\" content=\"it_IT\" \/>\n<meta property=\"og:type\" content=\"article\" \/>\n<meta property=\"og:title\" content=\"Reparti MRO settore difesa - Maintenance, Repair and Overhaul\" \/>\n<meta property=\"og:description\" content=\"Goriziane S.p.A. \u00e8 specializzata nella revisione, riparazione, manutenzione di una vasta gamma di veicoli militari pesanti e leggeri.\" \/>\n<meta property=\"og:url\" content=\"https:\/\/www.goriziane.it\/mro\/competenze\/reparti-mro-settore-difesa\/\" \/>\n<meta property=\"og:site_name\" content=\"Maintenance, Repair and Overhaul\" \/>\n<meta property=\"article:modified_time\" content=\"2025-04-03T11:31:22+00:00\" \/>\n<meta property=\"og:image\" content=\"https:\/\/www.goriziane.it\/mro\/wp-content\/uploads\/sites\/2\/2025\/02\/mro-01-1300x650.jpg\" \/>\n<meta name=\"twitter:card\" content=\"summary_large_image\" \/>\n<meta name=\"twitter:label1\" content=\"Tempo di lettura stimato\" \/>\n\t<meta name=\"twitter:data1\" content=\"2 minuti\" \/>\n<script type=\"application\/ld+json\" class=\"yoast-schema-graph\">{\"@context\":\"https:\/\/schema.org\",\"@graph\":[{\"@type\":\"WebPage\",\"@id\":\"https:\/\/www.goriziane.it\/mro\/competenze\/reparti-mro-settore-difesa\/\",\"url\":\"https:\/\/www.goriziane.it\/mro\/competenze\/reparti-mro-settore-difesa\/\",\"name\":\"Reparti MRO settore difesa - Maintenance, Repair and Overhaul\",\"isPartOf\":{\"@id\":\"https:\/\/www.goriziane.it\/mro\/#website\"},\"primaryImageOfPage\":{\"@id\":\"https:\/\/www.goriziane.it\/mro\/competenze\/reparti-mro-settore-difesa\/#primaryimage\"},\"image\":{\"@id\":\"https:\/\/www.goriziane.it\/mro\/competenze\/reparti-mro-settore-difesa\/#primaryimage\"},\"thumbnailUrl\":\"https:\/\/www.goriziane.it\/mro\/wp-content\/uploads\/sites\/2\/2025\/02\/mro-01-1300x650.jpg\",\"datePublished\":\"2024-11-12T12:05:59+00:00\",\"dateModified\":\"2025-04-03T11:31:22+00:00\",\"description\":\"Goriziane S.p.A. \u00e8 specializzata nella revisione, riparazione, manutenzione di una vasta gamma di veicoli militari pesanti e leggeri.\",\"breadcrumb\":{\"@id\":\"https:\/\/www.goriziane.it\/mro\/competenze\/reparti-mro-settore-difesa\/#breadcrumb\"},\"inLanguage\":\"it-IT\",\"potentialAction\":[{\"@type\":\"ReadAction\",\"target\":[\"https:\/\/www.goriziane.it\/mro\/competenze\/reparti-mro-settore-difesa\/\"]}]},{\"@type\":\"ImageObject\",\"inLanguage\":\"it-IT\",\"@id\":\"https:\/\/www.goriziane.it\/mro\/competenze\/reparti-mro-settore-difesa\/#primaryimage\",\"url\":\"https:\/\/www.goriziane.it\/mro\/wp-content\/uploads\/sites\/2\/2025\/02\/mro-01.jpg\",\"contentUrl\":\"https:\/\/www.goriziane.it\/mro\/wp-content\/uploads\/sites\/2\/2025\/02\/mro-01.jpg\",\"width\":2200,\"height\":1056},{\"@type\":\"BreadcrumbList\",\"@id\":\"https:\/\/www.goriziane.it\/mro\/competenze\/reparti-mro-settore-difesa\/#breadcrumb\",\"itemListElement\":[{\"@type\":\"ListItem\",\"position\":1,\"name\":\"Home\",\"item\":\"https:\/\/www.goriziane.it\/mro\/\"},{\"@type\":\"ListItem\",\"position\":2,\"name\":\"Competenze\",\"item\":\"https:\/\/www.goriziane.it\/mro\/competenze\/\"},{\"@type\":\"ListItem\",\"position\":3,\"name\":\"Reparti MRO settore difesa\"}]},{\"@type\":\"WebSite\",\"@id\":\"https:\/\/www.goriziane.it\/mro\/#website\",\"url\":\"https:\/\/www.goriziane.it\/mro\/\",\"name\":\"Maintenance, Repair and Overhaul\",\"description\":\"\",\"potentialAction\":[{\"@type\":\"SearchAction\",\"target\":{\"@type\":\"EntryPoint\",\"urlTemplate\":\"https:\/\/www.goriziane.it\/mro\/?s={search_term_string}\"},\"query-input\":{\"@type\":\"PropertyValueSpecification\",\"valueRequired\":true,\"valueName\":\"search_term_string\"}}],\"inLanguage\":\"it-IT\"}]}<\/script>\n<!-- \/ Yoast SEO plugin. -->","yoast_head_json":{"title":"Reparti MRO settore difesa - Maintenance, Repair and Overhaul","description":"Goriziane S.p.A. \u00e8 specializzata nella revisione, riparazione, manutenzione di una vasta gamma di veicoli militari pesanti e leggeri.","robots":{"index":"index","follow":"follow","max-snippet":"max-snippet:-1","max-image-preview":"max-image-preview:large","max-video-preview":"max-video-preview:-1"},"canonical":"https:\/\/www.goriziane.it\/mro\/competenze\/reparti-mro-settore-difesa\/","og_locale":"it_IT","og_type":"article","og_title":"Reparti MRO settore difesa - Maintenance, Repair and Overhaul","og_description":"Goriziane S.p.A. \u00e8 specializzata nella revisione, riparazione, manutenzione di una vasta gamma di veicoli militari pesanti e leggeri.","og_url":"https:\/\/www.goriziane.it\/mro\/competenze\/reparti-mro-settore-difesa\/","og_site_name":"Maintenance, Repair and Overhaul","article_modified_time":"2025-04-03T11:31:22+00:00","og_image":[{"url":"https:\/\/www.goriziane.it\/mro\/wp-content\/uploads\/sites\/2\/2025\/02\/mro-01-1300x650.jpg","type":"","width":"","height":""}],"twitter_card":"summary_large_image","twitter_misc":{"Tempo di lettura stimato":"2 minuti"},"schema":{"@context":"https:\/\/schema.org","@graph":[{"@type":"WebPage","@id":"https:\/\/www.goriziane.it\/mro\/competenze\/reparti-mro-settore-difesa\/","url":"https:\/\/www.goriziane.it\/mro\/competenze\/reparti-mro-settore-difesa\/","name":"Reparti MRO settore difesa - Maintenance, Repair and Overhaul","isPartOf":{"@id":"https:\/\/www.goriziane.it\/mro\/#website"},"primaryImageOfPage":{"@id":"https:\/\/www.goriziane.it\/mro\/competenze\/reparti-mro-settore-difesa\/#primaryimage"},"image":{"@id":"https:\/\/www.goriziane.it\/mro\/competenze\/reparti-mro-settore-difesa\/#primaryimage"},"thumbnailUrl":"https:\/\/www.goriziane.it\/mro\/wp-content\/uploads\/sites\/2\/2025\/02\/mro-01-1300x650.jpg","datePublished":"2024-11-12T12:05:59+00:00","dateModified":"2025-04-03T11:31:22+00:00","description":"Goriziane S.p.A. \u00e8 specializzata nella revisione, riparazione, manutenzione di una vasta gamma di veicoli militari pesanti e leggeri.","breadcrumb":{"@id":"https:\/\/www.goriziane.it\/mro\/competenze\/reparti-mro-settore-difesa\/#breadcrumb"},"inLanguage":"it-IT","potentialAction":[{"@type":"ReadAction","target":["https:\/\/www.goriziane.it\/mro\/competenze\/reparti-mro-settore-difesa\/"]}]},{"@type":"ImageObject","inLanguage":"it-IT","@id":"https:\/\/www.goriziane.it\/mro\/competenze\/reparti-mro-settore-difesa\/#primaryimage","url":"https:\/\/www.goriziane.it\/mro\/wp-content\/uploads\/sites\/2\/2025\/02\/mro-01.jpg","contentUrl":"https:\/\/www.goriziane.it\/mro\/wp-content\/uploads\/sites\/2\/2025\/02\/mro-01.jpg","width":2200,"height":1056},{"@type":"BreadcrumbList","@id":"https:\/\/www.goriziane.it\/mro\/competenze\/reparti-mro-settore-difesa\/#breadcrumb","itemListElement":[{"@type":"ListItem","position":1,"name":"Home","item":"https:\/\/www.goriziane.it\/mro\/"},{"@type":"ListItem","position":2,"name":"Competenze","item":"https:\/\/www.goriziane.it\/mro\/competenze\/"},{"@type":"ListItem","position":3,"name":"Reparti MRO settore difesa"}]},{"@type":"WebSite","@id":"https:\/\/www.goriziane.it\/mro\/#website","url":"https:\/\/www.goriziane.it\/mro\/","name":"Maintenance, Repair and Overhaul","description":"","potentialAction":[{"@type":"SearchAction","target":{"@type":"EntryPoint","urlTemplate":"https:\/\/www.goriziane.it\/mro\/?s={search_term_string}"},"query-input":{"@type":"PropertyValueSpecification","valueRequired":true,"valueName":"search_term_string"}}],"inLanguage":"it-IT"}]}},"_links":{"self":[{"href":"https:\/\/www.goriziane.it\/mro\/wp-json\/wp\/v2\/pages\/8597"}],"collection":[{"href":"https:\/\/www.goriziane.it\/mro\/wp-json\/wp\/v2\/pages"}],"about":[{"href":"https:\/\/www.goriziane.it\/mro\/wp-json\/wp\/v2\/types\/page"}],"author":[{"embeddable":true,"href":"https:\/\/www.goriziane.it\/mro\/wp-json\/wp\/v2\/users\/1"}],"replies":[{"embeddable":true,"href":"https:\/\/www.goriziane.it\/mro\/wp-json\/wp\/v2\/comments?post=8597"}],"version-history":[{"count":67,"href":"https:\/\/www.goriziane.it\/mro\/wp-json\/wp\/v2\/pages\/8597\/revisions"}],"predecessor-version":[{"id":9983,"href":"https:\/\/www.goriziane.it\/mro\/wp-json\/wp\/v2\/pages\/8597\/revisions\/9983"}],"up":[{"embeddable":true,"href":"https:\/\/www.goriziane.it\/mro\/wp-json\/wp\/v2\/pages\/9364"}],"wp:attachment":[{"href":"https:\/\/www.goriziane.it\/mro\/wp-json\/wp\/v2\/media?parent=8597"}],"curies":[{"name":"wp","href":"https:\/\/api.w.org\/{rel}","templated":true}]}}