{"id":8667,"date":"2024-11-13T14:32:42","date_gmt":"2024-11-13T13:32:42","guid":{"rendered":"http:\/\/goriziane.vps01-multiways.it\/mro\/?page_id=8667"},"modified":"2025-10-02T09:14:05","modified_gmt":"2025-10-02T07:14:05","slug":"qualita-e-certificazioni","status":"publish","type":"page","link":"https:\/\/www.goriziane.it\/mro\/qualita-e-certificazioni\/","title":{"rendered":"Qualit\u00e0 e certificazioni"},"content":{"rendered":"\t\t<div data-elementor-type=\"wp-page\" data-elementor-id=\"8667\" class=\"elementor elementor-8667\">\n\t\t\t\t\t\t<section class=\"elementor-section elementor-top-section elementor-element elementor-element-8ab5842 elementor-section-full_width qodef-elementor-content-grid elementor-section-height-default elementor-section-height-default\" data-id=\"8ab5842\" data-element_type=\"section\" data-settings=\"{&quot;background_background&quot;:&quot;classic&quot;}\">\n\t\t\t\t\t\t<div class=\"elementor-container elementor-column-gap-default\">\n\t\t\t\t\t<div class=\"elementor-column elementor-col-100 elementor-top-column elementor-element elementor-element-21a0e6d\" data-id=\"21a0e6d\" data-element_type=\"column\">\n\t\t\t<div class=\"elementor-widget-wrap elementor-element-populated\">\n\t\t\t\t\t\t<div class=\"elementor-element elementor-element-944df47 elementor-widget elementor-widget-manufaktursolutions_core_section_title\" data-id=\"944df47\" data-element_type=\"widget\" data-widget_type=\"manufaktursolutions_core_section_title.default\">\n\t\t\t\t<div class=\"elementor-widget-container\">\n\t\t\t<div class=\"qodef-shortcode qodef-m  qodef-section-title qodef-alignment--left qodef-title-break--disabled  \">\n\t\t<p class=\"qodef-m-highlight-text\" style=\"color: #FFFFFF;margin-bottom: 25px\">Goriziane<\/p>\n\t\t<h1 class=\"qodef-m-title\" style=\"color: #FFFFFF\">\n\t\t\t\t\tQualit\u00e0 e certificazioni\t\t\t<\/h1>\n\t\t<\/div>\n\t\t<\/div>\n\t\t\t\t<\/div>\n\t\t\t\t\t<\/div>\n\t\t<\/div>\n\t\t\t\t\t<\/div>\n\t\t<\/section>\n\t\t\t\t<section class=\"elementor-section elementor-top-section elementor-element elementor-element-91d56a4 elementor-section-full_width qodef-elementor-content-grid elementor-section-height-default elementor-section-height-default\" data-id=\"91d56a4\" data-element_type=\"section\" data-settings=\"{&quot;background_background&quot;:&quot;classic&quot;}\">\n\t\t\t\t\t\t\t<div class=\"elementor-background-overlay\"><\/div>\n\t\t\t\t\t\t\t<div class=\"elementor-container elementor-column-gap-default\">\n\t\t\t\t\t<div class=\"elementor-column elementor-col-50 elementor-top-column elementor-element elementor-element-9ba2a7c\" data-id=\"9ba2a7c\" data-element_type=\"column\">\n\t\t\t<div class=\"elementor-widget-wrap elementor-element-populated\">\n\t\t\t\t\t\t<div class=\"elementor-element elementor-element-13df6a3 elementor-widget elementor-widget-manufaktursolutions_core_section_title\" data-id=\"13df6a3\" data-element_type=\"widget\" data-widget_type=\"manufaktursolutions_core_section_title.default\">\n\t\t\t\t<div class=\"elementor-widget-container\">\n\t\t\t<div class=\"qodef-shortcode qodef-m  qodef-section-title qodef-alignment--left qodef-title-break--disabled  \">\n\t\t\t<h2 class=\"qodef-m-title\" style=\"color: #0F5EA5\">\n\t\t\t\t\tStandard di<br \/> qualit\u00e0 elevati\t\t\t<\/h2>\n\t\t<\/div>\n\t\t<\/div>\n\t\t\t\t<\/div>\n\t\t\t\t<div class=\"elementor-element elementor-element-95a3003 elementor-widget elementor-widget-manufaktursolutions_core_custom_font\" data-id=\"95a3003\" data-element_type=\"widget\" data-widget_type=\"manufaktursolutions_core_custom_font.default\">\n\t\t\t\t<div class=\"elementor-widget-container\">\n\t\t\t<p class=\"qodef-shortcode qodef-m  qodef-custom-font qodef-custom-font-130 qodef-layout--simple\" style=\"color: #000000;font-family: Lato;font-size: 23px;line-height: 30px\">Tutte le attivit\u00e0 svolte e le azioni intraprese rispettano pienamente gli standard di qualit\u00e0, salute, sicurezza e protezione dell\u2019ambiente.<\/p>\n\t\t<\/div>\n\t\t\t\t<\/div>\n\t\t\t\t<div class=\"elementor-element elementor-element-d79d5bf elementor-widget elementor-widget-manufaktursolutions_core_button\" data-id=\"d79d5bf\" data-element_type=\"widget\" data-widget_type=\"manufaktursolutions_core_button.default\">\n\t\t\t\t<div class=\"elementor-widget-container\">\n\t\t\t<a class=\"qodef-shortcode qodef-m  qodef-button qodef-layout--outlined  qodef-html--link\" href=\"\/mro\/wp-content\/uploads\/sites\/2\/2024\/11\/M_520-01_rev02_Politica_QHSE_IT.pdf\" target=\"_blank\"  >\n\t<span class=\"qodef-m-text\">Politica della Qualit\u00e0<\/span>\n    <span class=\"qodef-m-button-arrow-holder\" >\n        <svg class=\"qodef-svg--button-arrow\" xmlns=\"http:\/\/www.w3.org\/2000\/svg\" width=\"17.65\" height=\"13.1\"\n     viewBox=\"0 0 17.65 13.1\"><path d=\"m11.75 13.1-1.275-1.275L14.1 8.2l.85-.575-.1-.3-1.025.125H0V5.625h13.825l1.025.15.1-.3-.85-.575-3.625-3.625L11.75 0l5.9 5.9v1.3Z\"\/><path d=\"m11.75 13.1-1.275-1.275L14.1 8.2l.85-.575-.1-.3-1.025.125H0V5.625h13.825l1.025.15.1-.3-.85-.575-3.625-3.625L11.75 0l5.9 5.9v1.3Z\"\/><\/svg>    <\/span>\n<\/a>\t\t<\/div>\n\t\t\t\t<\/div>\n\t\t\t\t<div class=\"elementor-element elementor-element-89109d7 elementor-widget elementor-widget-manufaktursolutions_core_button\" data-id=\"89109d7\" data-element_type=\"widget\" data-widget_type=\"manufaktursolutions_core_button.default\">\n\t\t\t\t<div class=\"elementor-widget-container\">\n\t\t\t<a class=\"qodef-shortcode qodef-m  qodef-button qodef-layout--outlined  qodef-html--link\" href=\"https:\/\/www.goriziane.it\/mro\/wp-content\/uploads\/sites\/2\/2025\/10\/M_841.14_rev00_condizioni_generali_acquisto_IT.pdf\" target=\"_blank\"  >\n\t<span class=\"qodef-m-text\">Condizioni Generali di Acquisto<\/span>\n    <span class=\"qodef-m-button-arrow-holder\" >\n        <svg class=\"qodef-svg--button-arrow\" xmlns=\"http:\/\/www.w3.org\/2000\/svg\" width=\"17.65\" height=\"13.1\"\n     viewBox=\"0 0 17.65 13.1\"><path d=\"m11.75 13.1-1.275-1.275L14.1 8.2l.85-.575-.1-.3-1.025.125H0V5.625h13.825l1.025.15.1-.3-.85-.575-3.625-3.625L11.75 0l5.9 5.9v1.3Z\"\/><path d=\"m11.75 13.1-1.275-1.275L14.1 8.2l.85-.575-.1-.3-1.025.125H0V5.625h13.825l1.025.15.1-.3-.85-.575-3.625-3.625L11.75 0l5.9 5.9v1.3Z\"\/><\/svg>    <\/span>\n<\/a>\t\t<\/div>\n\t\t\t\t<\/div>\n\t\t\t\t<div class=\"elementor-element elementor-element-2dc3ef9 elementor-widget elementor-widget-spacer\" data-id=\"2dc3ef9\" data-element_type=\"widget\" data-widget_type=\"spacer.default\">\n\t\t\t\t<div class=\"elementor-widget-container\">\n\t\t\t\t\t<div class=\"elementor-spacer\">\n\t\t\t<div class=\"elementor-spacer-inner\"><\/div>\n\t\t<\/div>\n\t\t\t\t<\/div>\n\t\t\t\t<\/div>\n\t\t\t\t\t<\/div>\n\t\t<\/div>\n\t\t\t\t<div class=\"elementor-column elementor-col-50 elementor-top-column elementor-element elementor-element-d606a6a\" data-id=\"d606a6a\" data-element_type=\"column\">\n\t\t\t<div class=\"elementor-widget-wrap elementor-element-populated\">\n\t\t\t\t\t\t<div class=\"elementor-element elementor-element-33818ae elementor-widget elementor-widget-manufaktursolutions_core_section_title\" data-id=\"33818ae\" data-element_type=\"widget\" data-widget_type=\"manufaktursolutions_core_section_title.default\">\n\t\t\t\t<div class=\"elementor-widget-container\">\n\t\t\t<div class=\"qodef-shortcode qodef-m  qodef-section-title qodef-alignment--left   \">\n\t\t\t\t\t<p class=\"qodef-m-text\" style=\"margin-top: 10px\">Nel 1988 Goriziane ha ottenuto la certificazione NATO AQAP4, successivamente modificata in AQAP 120 e infine in AQAP 2120 rilasciata dall\u2019Esercito Italiano, oltre alla certificazione CLQ 2120 rilasciata dall\u2019Aeronautica Militare. Goriziane ancora oggi \u00e8 certificata AQAP 2110.<\/p>\n<\/div>\n\t\t<\/div>\n\t\t\t\t<\/div>\n\t\t\t\t<div class=\"elementor-element elementor-element-e5ad4e0 elementor-widget elementor-widget-manufaktursolutions_core_section_title\" data-id=\"e5ad4e0\" data-element_type=\"widget\" data-widget_type=\"manufaktursolutions_core_section_title.default\">\n\t\t\t\t<div class=\"elementor-widget-container\">\n\t\t\t<div class=\"qodef-shortcode qodef-m  qodef-section-title qodef-alignment--left   \">\n\t\t\t\t\t<p class=\"qodef-m-text\" style=\"margin-top: 10px\">Goriziane \u00e8 certificata ISO 9001, ISO 14001 e ISO 45001. Goriziane ha inoltre un Sistema di Gestione delle Competenze certificato per la manutenzione in ambito ferroviario. Infine, ha ottenuto il rating di legalit\u00e0 rilasciato da AGCM, l\u2019autorit\u00e0 garante della concorrenza italiana.<\/p>\n<\/div>\n\t\t<\/div>\n\t\t\t\t<\/div>\n\t\t\t\t<div class=\"elementor-element elementor-element-7df39eb elementor-widget elementor-widget-spacer\" data-id=\"7df39eb\" data-element_type=\"widget\" data-widget_type=\"spacer.default\">\n\t\t\t\t<div class=\"elementor-widget-container\">\n\t\t\t\t\t<div class=\"elementor-spacer\">\n\t\t\t<div class=\"elementor-spacer-inner\"><\/div>\n\t\t<\/div>\n\t\t\t\t<\/div>\n\t\t\t\t<\/div>\n\t\t\t\t<div class=\"elementor-element elementor-element-850ccb2 elementor-widget elementor-widget-image\" data-id=\"850ccb2\" data-element_type=\"widget\" data-widget_type=\"image.default\">\n\t\t\t\t<div class=\"elementor-widget-container\">\n\t\t\t\t\t\t\t\t\t\t\t\t\t<img fetchpriority=\"high\" decoding=\"async\" width=\"1024\" height=\"231\" src=\"https:\/\/www.goriziane.it\/mro\/wp-content\/uploads\/sites\/2\/2024\/11\/loghi-certificazione-goriziane-1024x231.png\" class=\"attachment-large size-large wp-image-8688\" alt=\"\" srcset=\"https:\/\/www.goriziane.it\/mro\/wp-content\/uploads\/sites\/2\/2024\/11\/loghi-certificazione-goriziane-1024x231.png 1024w, https:\/\/www.goriziane.it\/mro\/wp-content\/uploads\/sites\/2\/2024\/11\/loghi-certificazione-goriziane-300x68.png 300w, https:\/\/www.goriziane.it\/mro\/wp-content\/uploads\/sites\/2\/2024\/11\/loghi-certificazione-goriziane-768x173.png 768w, https:\/\/www.goriziane.it\/mro\/wp-content\/uploads\/sites\/2\/2024\/11\/loghi-certificazione-goriziane-1536x346.png 1536w, https:\/\/www.goriziane.it\/mro\/wp-content\/uploads\/sites\/2\/2024\/11\/loghi-certificazione-goriziane.png 1565w\" sizes=\"(max-width: 1024px) 100vw, 1024px\" \/>\t\t\t\t\t\t\t\t\t\t\t\t\t<\/div>\n\t\t\t\t<\/div>\n\t\t\t\t\t<\/div>\n\t\t<\/div>\n\t\t\t\t\t<\/div>\n\t\t<\/section>\n\t\t\t\t<section class=\"elementor-section elementor-top-section elementor-element elementor-element-c7f6c8a elementor-section-full_width elementor-section-height-default elementor-section-height-default qodef-elementor-content-no\" data-id=\"c7f6c8a\" data-element_type=\"section\">\n\t\t\t\t\t\t<div class=\"elementor-container elementor-column-gap-default\">\n\t\t\t\t\t<div class=\"elementor-column elementor-col-50 elementor-top-column elementor-element elementor-element-c557c09\" data-id=\"c557c09\" data-element_type=\"column\" data-settings=\"{&quot;background_background&quot;:&quot;classic&quot;}\">\n\t\t\t<div class=\"elementor-widget-wrap elementor-element-populated\">\n\t\t\t\t\t\t<div class=\"elementor-element elementor-element-9fdde13 elementor-widget elementor-widget-manufaktursolutions_core_separator\" data-id=\"9fdde13\" data-element_type=\"widget\" data-widget_type=\"manufaktursolutions_core_separator.default\">\n\t\t\t\t<div class=\"elementor-widget-container\">\n\t\t\t<div class=\"qodef-shortcode qodef-m  qodef-separator clear  \">\n\t<div class=\"qodef-m-line\" style=\"border-color: #02010100\"><\/div>\n<\/div>\n\t\t<\/div>\n\t\t\t\t<\/div>\n\t\t\t\t\t<\/div>\n\t\t<\/div>\n\t\t\t\t<div class=\"elementor-column elementor-col-50 elementor-top-column elementor-element elementor-element-21107af\" data-id=\"21107af\" data-element_type=\"column\" data-settings=\"{&quot;background_background&quot;:&quot;classic&quot;}\">\n\t\t\t<div class=\"elementor-widget-wrap elementor-element-populated\">\n\t\t\t\t\t\t<div class=\"elementor-element elementor-element-03a23d7 elementor-widget elementor-widget-manufaktursolutions_core_section_title\" data-id=\"03a23d7\" data-element_type=\"widget\" data-widget_type=\"manufaktursolutions_core_section_title.default\">\n\t\t\t\t<div class=\"elementor-widget-container\">\n\t\t\t<div class=\"qodef-shortcode qodef-m  qodef-section-title qodef-alignment--left qodef-title-break--disabled  \">\n\t\t\t<h3 class=\"qodef-m-title\" style=\"color: #FFFFFF\">\n\t\t\t\t\tCertificazioni\t\t\t<\/h3>\n\t\t<\/div>\n\t\t<\/div>\n\t\t\t\t<\/div>\n\t\t\t\t<div class=\"elementor-element elementor-element-0600e1c elementor-icon-list--layout-traditional elementor-list-item-link-full_width elementor-widget elementor-widget-icon-list\" data-id=\"0600e1c\" data-element_type=\"widget\" data-widget_type=\"icon-list.default\">\n\t\t\t\t<div class=\"elementor-widget-container\">\n\t\t\t\t\t<ul class=\"elementor-icon-list-items\">\n\t\t\t\t\t\t\t<li class=\"elementor-icon-list-item\">\n\t\t\t\t\t\t\t\t\t\t\t<a href=\"\/mro\/wp-content\/uploads\/sites\/2\/2024\/11\/ISO-9001-2015-RINA-MULTISITO_2023_completo.pdf\" target=\"_blank\">\n\n\t\t\t\t\t\t\t\t\t\t\t\t<span class=\"elementor-icon-list-icon\">\n\t\t\t\t\t\t\t<svg aria-hidden=\"true\" class=\"e-font-icon-svg e-fas-circle\" viewBox=\"0 0 512 512\" xmlns=\"http:\/\/www.w3.org\/2000\/svg\"><path d=\"M256 8C119 8 8 119 8 256s111 248 248 248 248-111 248-248S393 8 256 8z\"><\/path><\/svg>\t\t\t\t\t\t<\/span>\n\t\t\t\t\t\t\t\t\t\t<span class=\"elementor-icon-list-text\"> ISO 9001-2015<\/span>\n\t\t\t\t\t\t\t\t\t\t\t<\/a>\n\t\t\t\t\t\t\t\t\t<\/li>\n\t\t\t\t\t\t\t\t<li class=\"elementor-icon-list-item\">\n\t\t\t\t\t\t\t\t\t\t\t<a href=\"https:\/\/www.goriziane.it\/mro\/wp-content\/uploads\/sites\/2\/2025\/04\/ISO-45001-2018-RINA-MULTISITO_2024-1.pdf\" target=\"_blank\">\n\n\t\t\t\t\t\t\t\t\t\t\t\t<span class=\"elementor-icon-list-icon\">\n\t\t\t\t\t\t\t<svg aria-hidden=\"true\" class=\"e-font-icon-svg e-fas-circle\" viewBox=\"0 0 512 512\" xmlns=\"http:\/\/www.w3.org\/2000\/svg\"><path d=\"M256 8C119 8 8 119 8 256s111 248 248 248 248-111 248-248S393 8 256 8z\"><\/path><\/svg>\t\t\t\t\t\t<\/span>\n\t\t\t\t\t\t\t\t\t\t<span class=\"elementor-icon-list-text\">ISO 45001-2018<\/span>\n\t\t\t\t\t\t\t\t\t\t\t<\/a>\n\t\t\t\t\t\t\t\t\t<\/li>\n\t\t\t\t\t\t\t\t<li class=\"elementor-icon-list-item\">\n\t\t\t\t\t\t\t\t\t\t\t<a href=\"https:\/\/www.goriziane.it\/mro\/wp-content\/uploads\/sites\/2\/2025\/04\/ISO-14001-2015-RINA-MULTISITO_2024-1.pdf\" target=\"_blank\">\n\n\t\t\t\t\t\t\t\t\t\t\t\t<span class=\"elementor-icon-list-icon\">\n\t\t\t\t\t\t\t<svg aria-hidden=\"true\" class=\"e-font-icon-svg e-fas-circle\" viewBox=\"0 0 512 512\" xmlns=\"http:\/\/www.w3.org\/2000\/svg\"><path d=\"M256 8C119 8 8 119 8 256s111 248 248 248 248-111 248-248S393 8 256 8z\"><\/path><\/svg>\t\t\t\t\t\t<\/span>\n\t\t\t\t\t\t\t\t\t\t<span class=\"elementor-icon-list-text\">ISO 14001-2015<\/span>\n\t\t\t\t\t\t\t\t\t\t\t<\/a>\n\t\t\t\t\t\t\t\t\t<\/li>\n\t\t\t\t\t\t\t\t<li class=\"elementor-icon-list-item\">\n\t\t\t\t\t\t\t\t\t\t\t<a href=\"\/mro\/wp-content\/uploads\/sites\/2\/2024\/11\/AQAP-2110-Certificate_2022_GROUP.pdf\" target=\"_blank\">\n\n\t\t\t\t\t\t\t\t\t\t\t\t<span class=\"elementor-icon-list-icon\">\n\t\t\t\t\t\t\t<svg aria-hidden=\"true\" class=\"e-font-icon-svg e-fas-circle\" viewBox=\"0 0 512 512\" xmlns=\"http:\/\/www.w3.org\/2000\/svg\"><path d=\"M256 8C119 8 8 119 8 256s111 248 248 248 248-111 248-248S393 8 256 8z\"><\/path><\/svg>\t\t\t\t\t\t<\/span>\n\t\t\t\t\t\t\t\t\t\t<span class=\"elementor-icon-list-text\">AQAP 2110 GORIZIANE GROUP S.p.A.<\/span>\n\t\t\t\t\t\t\t\t\t\t\t<\/a>\n\t\t\t\t\t\t\t\t\t<\/li>\n\t\t\t\t\t\t<\/ul>\n\t\t\t\t<\/div>\n\t\t\t\t<\/div>\n\t\t\t\t\t<\/div>\n\t\t<\/div>\n\t\t\t\t\t<\/div>\n\t\t<\/section>\n\t\t\t\t<\/div>\n\t\t","protected":false},"excerpt":{"rendered":"<p>Goriziane Qualit\u00e0 e certificazioni Standard di qualit\u00e0 elevati Tutte le attivit\u00e0 svolte e le azioni intraprese rispettano pienamente gli standard di qualit\u00e0, salute, sicurezza e protezione dell\u2019ambiente. Politica della Qualit\u00e0 Condizioni Generali di Acquisto Nel 1988 Goriziane ha ottenuto la certificazione NATO AQAP4, successivamente modificata in AQAP 120 e infine in AQAP 2120 rilasciata dall\u2019Esercito [&hellip;]<\/p>\n","protected":false},"author":1,"featured_media":0,"parent":0,"menu_order":0,"comment_status":"closed","ping_status":"closed","template":"page-full-width.php","meta":{"footnotes":""},"class_list":["post-8667","page","type-page","status-publish","hentry"],"yoast_head":"<!-- This site is optimized with the Yoast SEO plugin v25.0 - https:\/\/yoast.com\/wordpress\/plugins\/seo\/ -->\n<title>Qualit\u00e0 e certificazioni - Maintenance, Repair and Overhaul<\/title>\n<meta name=\"description\" content=\"Goriziane S.p.A. investe costantemente in ricerca e sviluppo puntando a fornire ai clienti prodotti innovativi e a soddisfare tutte le esigenze.\" \/>\n<meta name=\"robots\" content=\"index, follow, max-snippet:-1, max-image-preview:large, max-video-preview:-1\" \/>\n<link rel=\"canonical\" href=\"https:\/\/www.goriziane.it\/mro\/qualita-e-certificazioni\/\" \/>\n<meta property=\"og:locale\" content=\"it_IT\" \/>\n<meta property=\"og:type\" content=\"article\" \/>\n<meta property=\"og:title\" content=\"Qualit\u00e0 e certificazioni - Maintenance, Repair and Overhaul\" \/>\n<meta property=\"og:description\" content=\"Goriziane S.p.A. investe costantemente in ricerca e sviluppo puntando a fornire ai clienti prodotti innovativi e a soddisfare tutte le esigenze.\" \/>\n<meta property=\"og:url\" content=\"https:\/\/www.goriziane.it\/mro\/qualita-e-certificazioni\/\" \/>\n<meta property=\"og:site_name\" content=\"Maintenance, Repair and Overhaul\" \/>\n<meta property=\"article:modified_time\" content=\"2025-10-02T07:14:05+00:00\" \/>\n<meta property=\"og:image\" content=\"https:\/\/www.goriziane.it\/mro\/wp-content\/uploads\/sites\/2\/2024\/11\/loghi-certificazione-goriziane.png\" \/>\n\t<meta property=\"og:image:width\" content=\"1565\" \/>\n\t<meta property=\"og:image:height\" content=\"353\" \/>\n\t<meta property=\"og:image:type\" content=\"image\/png\" \/>\n<meta name=\"twitter:card\" content=\"summary_large_image\" \/>\n<meta name=\"twitter:label1\" content=\"Tempo di lettura stimato\" \/>\n\t<meta name=\"twitter:data1\" content=\"1 minuto\" \/>\n<script type=\"application\/ld+json\" class=\"yoast-schema-graph\">{\"@context\":\"https:\/\/schema.org\",\"@graph\":[{\"@type\":\"WebPage\",\"@id\":\"https:\/\/www.goriziane.it\/mro\/qualita-e-certificazioni\/\",\"url\":\"https:\/\/www.goriziane.it\/mro\/qualita-e-certificazioni\/\",\"name\":\"Qualit\u00e0 e certificazioni - Maintenance, Repair and Overhaul\",\"isPartOf\":{\"@id\":\"https:\/\/www.goriziane.it\/mro\/#website\"},\"primaryImageOfPage\":{\"@id\":\"https:\/\/www.goriziane.it\/mro\/qualita-e-certificazioni\/#primaryimage\"},\"image\":{\"@id\":\"https:\/\/www.goriziane.it\/mro\/qualita-e-certificazioni\/#primaryimage\"},\"thumbnailUrl\":\"https:\/\/www.goriziane.it\/mro\/wp-content\/uploads\/sites\/2\/2024\/11\/loghi-certificazione-goriziane-1024x231.png\",\"datePublished\":\"2024-11-13T13:32:42+00:00\",\"dateModified\":\"2025-10-02T07:14:05+00:00\",\"description\":\"Goriziane S.p.A. investe costantemente in ricerca e sviluppo puntando a fornire ai clienti prodotti innovativi e a soddisfare tutte le esigenze.\",\"breadcrumb\":{\"@id\":\"https:\/\/www.goriziane.it\/mro\/qualita-e-certificazioni\/#breadcrumb\"},\"inLanguage\":\"it-IT\",\"potentialAction\":[{\"@type\":\"ReadAction\",\"target\":[\"https:\/\/www.goriziane.it\/mro\/qualita-e-certificazioni\/\"]}]},{\"@type\":\"ImageObject\",\"inLanguage\":\"it-IT\",\"@id\":\"https:\/\/www.goriziane.it\/mro\/qualita-e-certificazioni\/#primaryimage\",\"url\":\"https:\/\/www.goriziane.it\/mro\/wp-content\/uploads\/sites\/2\/2024\/11\/loghi-certificazione-goriziane.png\",\"contentUrl\":\"https:\/\/www.goriziane.it\/mro\/wp-content\/uploads\/sites\/2\/2024\/11\/loghi-certificazione-goriziane.png\",\"width\":1565,\"height\":353},{\"@type\":\"BreadcrumbList\",\"@id\":\"https:\/\/www.goriziane.it\/mro\/qualita-e-certificazioni\/#breadcrumb\",\"itemListElement\":[{\"@type\":\"ListItem\",\"position\":1,\"name\":\"Home\",\"item\":\"https:\/\/www.goriziane.it\/mro\/\"},{\"@type\":\"ListItem\",\"position\":2,\"name\":\"Qualit\u00e0 e certificazioni\"}]},{\"@type\":\"WebSite\",\"@id\":\"https:\/\/www.goriziane.it\/mro\/#website\",\"url\":\"https:\/\/www.goriziane.it\/mro\/\",\"name\":\"Maintenance, Repair and Overhaul\",\"description\":\"\",\"potentialAction\":[{\"@type\":\"SearchAction\",\"target\":{\"@type\":\"EntryPoint\",\"urlTemplate\":\"https:\/\/www.goriziane.it\/mro\/?s={search_term_string}\"},\"query-input\":{\"@type\":\"PropertyValueSpecification\",\"valueRequired\":true,\"valueName\":\"search_term_string\"}}],\"inLanguage\":\"it-IT\"}]}<\/script>\n<!-- \/ Yoast SEO plugin. -->","yoast_head_json":{"title":"Qualit\u00e0 e certificazioni - Maintenance, Repair and Overhaul","description":"Goriziane S.p.A. investe costantemente in ricerca e sviluppo puntando a fornire ai clienti prodotti innovativi e a soddisfare tutte le esigenze.","robots":{"index":"index","follow":"follow","max-snippet":"max-snippet:-1","max-image-preview":"max-image-preview:large","max-video-preview":"max-video-preview:-1"},"canonical":"https:\/\/www.goriziane.it\/mro\/qualita-e-certificazioni\/","og_locale":"it_IT","og_type":"article","og_title":"Qualit\u00e0 e certificazioni - Maintenance, Repair and Overhaul","og_description":"Goriziane S.p.A. investe costantemente in ricerca e sviluppo puntando a fornire ai clienti prodotti innovativi e a soddisfare tutte le esigenze.","og_url":"https:\/\/www.goriziane.it\/mro\/qualita-e-certificazioni\/","og_site_name":"Maintenance, Repair and Overhaul","article_modified_time":"2025-10-02T07:14:05+00:00","og_image":[{"width":1565,"height":353,"url":"https:\/\/www.goriziane.it\/mro\/wp-content\/uploads\/sites\/2\/2024\/11\/loghi-certificazione-goriziane.png","type":"image\/png"}],"twitter_card":"summary_large_image","twitter_misc":{"Tempo di lettura stimato":"1 minuto"},"schema":{"@context":"https:\/\/schema.org","@graph":[{"@type":"WebPage","@id":"https:\/\/www.goriziane.it\/mro\/qualita-e-certificazioni\/","url":"https:\/\/www.goriziane.it\/mro\/qualita-e-certificazioni\/","name":"Qualit\u00e0 e certificazioni - Maintenance, Repair and Overhaul","isPartOf":{"@id":"https:\/\/www.goriziane.it\/mro\/#website"},"primaryImageOfPage":{"@id":"https:\/\/www.goriziane.it\/mro\/qualita-e-certificazioni\/#primaryimage"},"image":{"@id":"https:\/\/www.goriziane.it\/mro\/qualita-e-certificazioni\/#primaryimage"},"thumbnailUrl":"https:\/\/www.goriziane.it\/mro\/wp-content\/uploads\/sites\/2\/2024\/11\/loghi-certificazione-goriziane-1024x231.png","datePublished":"2024-11-13T13:32:42+00:00","dateModified":"2025-10-02T07:14:05+00:00","description":"Goriziane S.p.A. investe costantemente in ricerca e sviluppo puntando a fornire ai clienti prodotti innovativi e a soddisfare tutte le esigenze.","breadcrumb":{"@id":"https:\/\/www.goriziane.it\/mro\/qualita-e-certificazioni\/#breadcrumb"},"inLanguage":"it-IT","potentialAction":[{"@type":"ReadAction","target":["https:\/\/www.goriziane.it\/mro\/qualita-e-certificazioni\/"]}]},{"@type":"ImageObject","inLanguage":"it-IT","@id":"https:\/\/www.goriziane.it\/mro\/qualita-e-certificazioni\/#primaryimage","url":"https:\/\/www.goriziane.it\/mro\/wp-content\/uploads\/sites\/2\/2024\/11\/loghi-certificazione-goriziane.png","contentUrl":"https:\/\/www.goriziane.it\/mro\/wp-content\/uploads\/sites\/2\/2024\/11\/loghi-certificazione-goriziane.png","width":1565,"height":353},{"@type":"BreadcrumbList","@id":"https:\/\/www.goriziane.it\/mro\/qualita-e-certificazioni\/#breadcrumb","itemListElement":[{"@type":"ListItem","position":1,"name":"Home","item":"https:\/\/www.goriziane.it\/mro\/"},{"@type":"ListItem","position":2,"name":"Qualit\u00e0 e certificazioni"}]},{"@type":"WebSite","@id":"https:\/\/www.goriziane.it\/mro\/#website","url":"https:\/\/www.goriziane.it\/mro\/","name":"Maintenance, Repair and Overhaul","description":"","potentialAction":[{"@type":"SearchAction","target":{"@type":"EntryPoint","urlTemplate":"https:\/\/www.goriziane.it\/mro\/?s={search_term_string}"},"query-input":{"@type":"PropertyValueSpecification","valueRequired":true,"valueName":"search_term_string"}}],"inLanguage":"it-IT"}]}},"_links":{"self":[{"href":"https:\/\/www.goriziane.it\/mro\/wp-json\/wp\/v2\/pages\/8667"}],"collection":[{"href":"https:\/\/www.goriziane.it\/mro\/wp-json\/wp\/v2\/pages"}],"about":[{"href":"https:\/\/www.goriziane.it\/mro\/wp-json\/wp\/v2\/types\/page"}],"author":[{"embeddable":true,"href":"https:\/\/www.goriziane.it\/mro\/wp-json\/wp\/v2\/users\/1"}],"replies":[{"embeddable":true,"href":"https:\/\/www.goriziane.it\/mro\/wp-json\/wp\/v2\/comments?post=8667"}],"version-history":[{"count":64,"href":"https:\/\/www.goriziane.it\/mro\/wp-json\/wp\/v2\/pages\/8667\/revisions"}],"predecessor-version":[{"id":10850,"href":"https:\/\/www.goriziane.it\/mro\/wp-json\/wp\/v2\/pages\/8667\/revisions\/10850"}],"wp:attachment":[{"href":"https:\/\/www.goriziane.it\/mro\/wp-json\/wp\/v2\/media?parent=8667"}],"curies":[{"name":"wp","href":"https:\/\/api.w.org\/{rel}","templated":true}]}}