{"id":9335,"date":"2024-12-20T12:46:03","date_gmt":"2024-12-20T11:46:03","guid":{"rendered":"https:\/\/goriziane.vps01-multiways.it\/mro\/?page_id=9335"},"modified":"2025-03-06T09:25:55","modified_gmt":"2025-03-06T08:25:55","slug":"innovazione-ricerca-e-sviluppo","status":"publish","type":"page","link":"https:\/\/www.goriziane.it\/mro\/innovazione-ricerca-e-sviluppo\/","title":{"rendered":"Innovazione Ricerca e Sviluppo"},"content":{"rendered":"\t\t<div data-elementor-type=\"wp-page\" data-elementor-id=\"9335\" class=\"elementor elementor-9335\">\n\t\t\t\t\t\t<section class=\"elementor-section elementor-top-section elementor-element elementor-element-02421c4 elementor-section-full_width qodef-elementor-content-grid elementor-section-height-default elementor-section-height-default\" data-id=\"02421c4\" data-element_type=\"section\" data-settings=\"{&quot;background_background&quot;:&quot;classic&quot;}\">\n\t\t\t\t\t\t<div class=\"elementor-container elementor-column-gap-default\">\n\t\t\t\t\t<div class=\"elementor-column elementor-col-100 elementor-top-column elementor-element elementor-element-e80d9a0\" data-id=\"e80d9a0\" data-element_type=\"column\">\n\t\t\t<div class=\"elementor-widget-wrap elementor-element-populated\">\n\t\t\t\t\t\t<div class=\"elementor-element elementor-element-0cf1a9c elementor-widget elementor-widget-manufaktursolutions_core_section_title\" data-id=\"0cf1a9c\" data-element_type=\"widget\" data-widget_type=\"manufaktursolutions_core_section_title.default\">\n\t\t\t\t<div class=\"elementor-widget-container\">\n\t\t\t<div class=\"qodef-shortcode qodef-m  qodef-section-title qodef-alignment--left qodef-title-break--disabled  \">\n\t\t<p class=\"qodef-m-highlight-text\" style=\"color: #FFFFFF;margin-bottom: 25px\">Goriziane I&amp;D<\/p>\n\t\t<h1 class=\"qodef-m-title\" style=\"color: #FFFFFF\">\n\t\t\t\t\tProgettiamo e sviluppiamo con cura e precisione\t\t\t<\/h1>\n\t\t<\/div>\n\t\t<\/div>\n\t\t\t\t<\/div>\n\t\t\t\t\t<\/div>\n\t\t<\/div>\n\t\t\t\t\t<\/div>\n\t\t<\/section>\n\t\t\t\t<section class=\"elementor-section elementor-top-section elementor-element elementor-element-118124b elementor-section-full_width qodef-elementor-content-grid elementor-section-height-default elementor-section-height-default\" data-id=\"118124b\" data-element_type=\"section\" data-settings=\"{&quot;background_background&quot;:&quot;classic&quot;}\">\n\t\t\t\t\t\t\t<div class=\"elementor-background-overlay\"><\/div>\n\t\t\t\t\t\t\t<div class=\"elementor-container elementor-column-gap-default\">\n\t\t\t\t\t<div class=\"elementor-column elementor-col-50 elementor-top-column elementor-element elementor-element-624c86c\" data-id=\"624c86c\" data-element_type=\"column\">\n\t\t\t<div class=\"elementor-widget-wrap elementor-element-populated\">\n\t\t\t\t\t\t<div class=\"elementor-element elementor-element-df4ddf5 elementor-widget elementor-widget-manufaktursolutions_core_section_title\" data-id=\"df4ddf5\" data-element_type=\"widget\" data-widget_type=\"manufaktursolutions_core_section_title.default\">\n\t\t\t\t<div class=\"elementor-widget-container\">\n\t\t\t<div class=\"qodef-shortcode qodef-m  qodef-section-title qodef-alignment--left qodef-title-break--disabled  \">\n\t\t\t<h2 class=\"qodef-m-title\" style=\"color: #FFFFFF\">\n\t\t\t\t\tLa ricerca<br \/> \u00e8 il fulcro di Goriziane\t\t\t<\/h2>\n\t\t<\/div>\n\t\t<\/div>\n\t\t\t\t<\/div>\n\t\t\t\t<div class=\"elementor-element elementor-element-9325945 elementor-widget elementor-widget-manufaktursolutions_core_custom_font\" data-id=\"9325945\" data-element_type=\"widget\" data-widget_type=\"manufaktursolutions_core_custom_font.default\">\n\t\t\t\t<div class=\"elementor-widget-container\">\n\t\t\t<p class=\"qodef-shortcode qodef-m  qodef-custom-font qodef-custom-font-989 qodef-layout--simple\" style=\"color: #FFFFFF;font-family: Lato;font-size: 23px;line-height: 30px\">Goriziane investe costantemente in Ricerca &amp; Sviluppo con l\u2019obiettivo di soddisfare le esigenze dei Clienti con prodotti innovativi.<\/p>\n\t\t<\/div>\n\t\t\t\t<\/div>\n\t\t\t\t\t<\/div>\n\t\t<\/div>\n\t\t\t\t<div class=\"elementor-column elementor-col-50 elementor-top-column elementor-element elementor-element-e35d0d5\" data-id=\"e35d0d5\" data-element_type=\"column\">\n\t\t\t<div class=\"elementor-widget-wrap elementor-element-populated\">\n\t\t\t\t\t\t<div class=\"elementor-element elementor-element-69b6b23 elementor-widget elementor-widget-manufaktursolutions_core_section_title\" data-id=\"69b6b23\" data-element_type=\"widget\" data-widget_type=\"manufaktursolutions_core_section_title.default\">\n\t\t\t\t<div class=\"elementor-widget-container\">\n\t\t\t<div class=\"qodef-shortcode qodef-m  qodef-section-title qodef-alignment--left   \">\n\t\t\t\t\t<p class=\"qodef-m-text\" style=\"margin-top: 10px;color: #FFFFFF\"> La ricerca \u00e8 il fulcro di Goriziane, in quanto rappresenta la base fondamentale per la fornitura di prodotti e servizi ad alto contenuto tecnologico e di nuova generazione.\n<\/p>\n<\/div>\n\t\t<\/div>\n\t\t\t\t<\/div>\n\t\t\t\t<div class=\"elementor-element elementor-element-5b5a1fa elementor-widget elementor-widget-manufaktursolutions_core_section_title\" data-id=\"5b5a1fa\" data-element_type=\"widget\" data-widget_type=\"manufaktursolutions_core_section_title.default\">\n\t\t\t\t<div class=\"elementor-widget-container\">\n\t\t\t<div class=\"qodef-shortcode qodef-m  qodef-section-title qodef-alignment--left   \">\n\t\t\t\t\t<p class=\"qodef-m-text\" style=\"margin-top: 10px;color: #FFFFFF\">Il risultato delle nostre ricerche, test e ispezioni sono la prova che progettiamo con cura e precisione attrezzature fatte per essere durevoli, affidabili ed efficienti.<\/p>\n<\/div>\n\t\t<\/div>\n\t\t\t\t<\/div>\n\t\t\t\t<div class=\"elementor-element elementor-element-f49fbd8 elementor-widget elementor-widget-manufaktursolutions_core_section_title\" data-id=\"f49fbd8\" data-element_type=\"widget\" data-widget_type=\"manufaktursolutions_core_section_title.default\">\n\t\t\t\t<div class=\"elementor-widget-container\">\n\t\t\t<div class=\"qodef-shortcode qodef-m  qodef-section-title qodef-alignment--left   \">\n\t\t\t\t\t<p class=\"qodef-m-text\" style=\"margin-top: 10px;color: #FFFFFF\">L\u2019obiettivo principale della nostra ricerca e sviluppo \u00e8 fornire l\u2019automazione completa di attrezzature e impianti per aumentare la sicurezza, ridurre i tempi e la manodopera senza compromettere la qualit\u00e0 dei prodotti.<\/p>\n<\/div>\n\t\t<\/div>\n\t\t\t\t<\/div>\n\t\t\t\t\t<\/div>\n\t\t<\/div>\n\t\t\t\t\t<\/div>\n\t\t<\/section>\n\t\t\t\t<section class=\"elementor-section elementor-top-section elementor-element elementor-element-f526f57 elementor-section-full_width qodef-elementor-content-grid elementor-section-height-default elementor-section-height-default\" data-id=\"f526f57\" data-element_type=\"section\" data-settings=\"{&quot;background_background&quot;:&quot;classic&quot;}\">\n\t\t\t\t\t\t\t<div class=\"elementor-background-overlay\"><\/div>\n\t\t\t\t\t\t\t<div class=\"elementor-container elementor-column-gap-default\">\n\t\t\t\t\t<div class=\"elementor-column elementor-col-50 elementor-top-column elementor-element elementor-element-f788952\" data-id=\"f788952\" data-element_type=\"column\">\n\t\t\t<div class=\"elementor-widget-wrap elementor-element-populated\">\n\t\t\t\t\t\t<div class=\"elementor-element elementor-element-74fba75 elementor-widget elementor-widget-image\" data-id=\"74fba75\" data-element_type=\"widget\" data-widget_type=\"image.default\">\n\t\t\t\t<div class=\"elementor-widget-container\">\n\t\t\t\t\t\t\t\t\t\t\t\t\t<img fetchpriority=\"high\" decoding=\"async\" width=\"1024\" height=\"587\" src=\"https:\/\/www.goriziane.it\/mro\/wp-content\/uploads\/sites\/2\/2024\/11\/r-d-goriziane-1024x587.jpg\" class=\"attachment-large size-large wp-image-8641\" alt=\"\" srcset=\"https:\/\/www.goriziane.it\/mro\/wp-content\/uploads\/sites\/2\/2024\/11\/r-d-goriziane-1024x587.jpg 1024w, https:\/\/www.goriziane.it\/mro\/wp-content\/uploads\/sites\/2\/2024\/11\/r-d-goriziane-300x172.jpg 300w, https:\/\/www.goriziane.it\/mro\/wp-content\/uploads\/sites\/2\/2024\/11\/r-d-goriziane-768x440.jpg 768w, https:\/\/www.goriziane.it\/mro\/wp-content\/uploads\/sites\/2\/2024\/11\/r-d-goriziane.jpg 1200w\" sizes=\"(max-width: 1024px) 100vw, 1024px\" \/>\t\t\t\t\t\t\t\t\t\t\t\t\t<\/div>\n\t\t\t\t<\/div>\n\t\t\t\t\t<\/div>\n\t\t<\/div>\n\t\t\t\t<div class=\"elementor-column elementor-col-50 elementor-top-column elementor-element elementor-element-c43db4b\" data-id=\"c43db4b\" data-element_type=\"column\">\n\t\t\t<div class=\"elementor-widget-wrap elementor-element-populated\">\n\t\t\t\t\t\t<div class=\"elementor-element elementor-element-5bbd48d elementor-widget elementor-widget-manufaktursolutions_core_custom_font\" data-id=\"5bbd48d\" data-element_type=\"widget\" data-widget_type=\"manufaktursolutions_core_custom_font.default\">\n\t\t\t\t<div class=\"elementor-widget-container\">\n\t\t\t<p class=\"qodef-shortcode qodef-m  qodef-custom-font qodef-custom-font-996 qodef-layout--simple\" style=\"color: #15141C;font-family: Lato;font-size: 23px;line-height: 30px\">Una delle tecnologie innovative di Goriziane E&amp;C \u00e8 il G-ARTS (Goriziane\u2019s Augmented Reality Tool for Service).<\/p>\n\t\t<\/div>\n\t\t\t\t<\/div>\n\t\t\t\t<div class=\"elementor-element elementor-element-0b9ed72 elementor-widget elementor-widget-manufaktursolutions_core_section_title\" data-id=\"0b9ed72\" data-element_type=\"widget\" data-widget_type=\"manufaktursolutions_core_section_title.default\">\n\t\t\t\t<div class=\"elementor-widget-container\">\n\t\t\t<div class=\"qodef-shortcode qodef-m  qodef-section-title qodef-alignment--left   \">\n\t\t\t\t\t<p class=\"qodef-m-text\" style=\"margin-top: 10px\">\u00c8 un\u2019apparecchiatura IoT di Goriziane che aumenta la produttivit\u00e0 e collega facilmente i nostri stimati Clienti alla squadra di Goriziane fornendo lo stesso servizio di alta qualit\u00e0 tramite la Realt\u00e0 Aumentata (AR).<\/p>\n<\/div>\n\t\t<\/div>\n\t\t\t\t<\/div>\n\t\t\t\t<div class=\"elementor-element elementor-element-68ba140 elementor-widget elementor-widget-manufaktursolutions_core_section_title\" data-id=\"68ba140\" data-element_type=\"widget\" data-widget_type=\"manufaktursolutions_core_section_title.default\">\n\t\t\t\t<div class=\"elementor-widget-container\">\n\t\t\t<div class=\"qodef-shortcode qodef-m  qodef-section-title qodef-alignment--left   \">\n\t\t\t\t\t<p class=\"qodef-m-text\" style=\"margin-top: 10px\">Goriziane ha adattato un nuovo sistema composto da un kit casco e tablet che mira a migliorare le attivit\u00e0 in loco, i servizi post-vendita, ottimizzando tempi e costi, e garantire la continuit\u00e0 del business anche in caso di imprevisti.<\/p>\n<\/div>\n\t\t<\/div>\n\t\t\t\t<\/div>\n\t\t\t\t\t<\/div>\n\t\t<\/div>\n\t\t\t\t\t<\/div>\n\t\t<\/section>\n\t\t\t\t<\/div>\n\t\t","protected":false},"excerpt":{"rendered":"<p>Goriziane I&amp;D Progettiamo e sviluppiamo con cura e precisione La ricerca \u00e8 il fulcro di Goriziane Goriziane investe costantemente in Ricerca &amp; Sviluppo con l\u2019obiettivo di soddisfare le esigenze dei Clienti con prodotti innovativi. La ricerca \u00e8 il fulcro di Goriziane, in quanto rappresenta la base fondamentale per la fornitura di prodotti e servizi ad [&hellip;]<\/p>\n","protected":false},"author":1,"featured_media":0,"parent":0,"menu_order":0,"comment_status":"closed","ping_status":"closed","template":"page-full-width.php","meta":{"footnotes":""},"class_list":["post-9335","page","type-page","status-publish","hentry"],"yoast_head":"<!-- This site is optimized with the Yoast SEO plugin v25.0 - https:\/\/yoast.com\/wordpress\/plugins\/seo\/ -->\n<title>Innovazione Ricerca e Sviluppo - Maintenance, Repair and Overhaul<\/title>\n<meta name=\"description\" content=\"Goriziane S.p.A. investe costantemente in ricerca e sviluppo puntando a fornire ai clienti prodotti innovativi e a soddisfare tutte le esigenze.\" \/>\n<meta name=\"robots\" content=\"index, follow, max-snippet:-1, max-image-preview:large, max-video-preview:-1\" \/>\n<link rel=\"canonical\" href=\"https:\/\/www.goriziane.it\/mro\/innovazione-ricerca-e-sviluppo\/\" \/>\n<meta property=\"og:locale\" content=\"it_IT\" \/>\n<meta property=\"og:type\" content=\"article\" \/>\n<meta property=\"og:title\" content=\"Innovazione Ricerca e Sviluppo - Maintenance, Repair and Overhaul\" \/>\n<meta property=\"og:description\" content=\"Goriziane S.p.A. investe costantemente in ricerca e sviluppo puntando a fornire ai clienti prodotti innovativi e a soddisfare tutte le esigenze.\" \/>\n<meta property=\"og:url\" content=\"https:\/\/www.goriziane.it\/mro\/innovazione-ricerca-e-sviluppo\/\" \/>\n<meta property=\"og:site_name\" content=\"Maintenance, Repair and Overhaul\" \/>\n<meta property=\"article:modified_time\" content=\"2025-03-06T08:25:55+00:00\" \/>\n<meta property=\"og:image\" content=\"https:\/\/goriziane.vps01-multiways.it\/mro\/wp-content\/uploads\/sites\/2\/2024\/11\/r-d-goriziane-1024x587.jpg\" \/>\n<meta name=\"twitter:card\" content=\"summary_large_image\" \/>\n<meta name=\"twitter:label1\" content=\"Tempo di lettura stimato\" \/>\n\t<meta name=\"twitter:data1\" content=\"2 minuti\" \/>\n<script type=\"application\/ld+json\" class=\"yoast-schema-graph\">{\"@context\":\"https:\/\/schema.org\",\"@graph\":[{\"@type\":\"WebPage\",\"@id\":\"https:\/\/www.goriziane.it\/mro\/innovazione-ricerca-e-sviluppo\/\",\"url\":\"https:\/\/www.goriziane.it\/mro\/innovazione-ricerca-e-sviluppo\/\",\"name\":\"Innovazione Ricerca e Sviluppo - Maintenance, Repair and Overhaul\",\"isPartOf\":{\"@id\":\"https:\/\/www.goriziane.it\/mro\/#website\"},\"primaryImageOfPage\":{\"@id\":\"https:\/\/www.goriziane.it\/mro\/innovazione-ricerca-e-sviluppo\/#primaryimage\"},\"image\":{\"@id\":\"https:\/\/www.goriziane.it\/mro\/innovazione-ricerca-e-sviluppo\/#primaryimage\"},\"thumbnailUrl\":\"https:\/\/goriziane.vps01-multiways.it\/mro\/wp-content\/uploads\/sites\/2\/2024\/11\/r-d-goriziane-1024x587.jpg\",\"datePublished\":\"2024-12-20T11:46:03+00:00\",\"dateModified\":\"2025-03-06T08:25:55+00:00\",\"description\":\"Goriziane S.p.A. investe costantemente in ricerca e sviluppo puntando a fornire ai clienti prodotti innovativi e a soddisfare tutte le esigenze.\",\"breadcrumb\":{\"@id\":\"https:\/\/www.goriziane.it\/mro\/innovazione-ricerca-e-sviluppo\/#breadcrumb\"},\"inLanguage\":\"it-IT\",\"potentialAction\":[{\"@type\":\"ReadAction\",\"target\":[\"https:\/\/www.goriziane.it\/mro\/innovazione-ricerca-e-sviluppo\/\"]}]},{\"@type\":\"ImageObject\",\"inLanguage\":\"it-IT\",\"@id\":\"https:\/\/www.goriziane.it\/mro\/innovazione-ricerca-e-sviluppo\/#primaryimage\",\"url\":\"https:\/\/goriziane.vps01-multiways.it\/mro\/wp-content\/uploads\/sites\/2\/2024\/11\/r-d-goriziane-1024x587.jpg\",\"contentUrl\":\"https:\/\/goriziane.vps01-multiways.it\/mro\/wp-content\/uploads\/sites\/2\/2024\/11\/r-d-goriziane-1024x587.jpg\"},{\"@type\":\"BreadcrumbList\",\"@id\":\"https:\/\/www.goriziane.it\/mro\/innovazione-ricerca-e-sviluppo\/#breadcrumb\",\"itemListElement\":[{\"@type\":\"ListItem\",\"position\":1,\"name\":\"Home\",\"item\":\"https:\/\/www.goriziane.it\/mro\/\"},{\"@type\":\"ListItem\",\"position\":2,\"name\":\"Innovazione Ricerca e Sviluppo\"}]},{\"@type\":\"WebSite\",\"@id\":\"https:\/\/www.goriziane.it\/mro\/#website\",\"url\":\"https:\/\/www.goriziane.it\/mro\/\",\"name\":\"Maintenance, Repair and Overhaul\",\"description\":\"\",\"potentialAction\":[{\"@type\":\"SearchAction\",\"target\":{\"@type\":\"EntryPoint\",\"urlTemplate\":\"https:\/\/www.goriziane.it\/mro\/?s={search_term_string}\"},\"query-input\":{\"@type\":\"PropertyValueSpecification\",\"valueRequired\":true,\"valueName\":\"search_term_string\"}}],\"inLanguage\":\"it-IT\"}]}<\/script>\n<!-- \/ Yoast SEO plugin. -->","yoast_head_json":{"title":"Innovazione Ricerca e Sviluppo - Maintenance, Repair and Overhaul","description":"Goriziane S.p.A. investe costantemente in ricerca e sviluppo puntando a fornire ai clienti prodotti innovativi e a soddisfare tutte le esigenze.","robots":{"index":"index","follow":"follow","max-snippet":"max-snippet:-1","max-image-preview":"max-image-preview:large","max-video-preview":"max-video-preview:-1"},"canonical":"https:\/\/www.goriziane.it\/mro\/innovazione-ricerca-e-sviluppo\/","og_locale":"it_IT","og_type":"article","og_title":"Innovazione Ricerca e Sviluppo - Maintenance, Repair and Overhaul","og_description":"Goriziane S.p.A. investe costantemente in ricerca e sviluppo puntando a fornire ai clienti prodotti innovativi e a soddisfare tutte le esigenze.","og_url":"https:\/\/www.goriziane.it\/mro\/innovazione-ricerca-e-sviluppo\/","og_site_name":"Maintenance, Repair and Overhaul","article_modified_time":"2025-03-06T08:25:55+00:00","og_image":[{"url":"https:\/\/goriziane.vps01-multiways.it\/mro\/wp-content\/uploads\/sites\/2\/2024\/11\/r-d-goriziane-1024x587.jpg","type":"","width":"","height":""}],"twitter_card":"summary_large_image","twitter_misc":{"Tempo di lettura stimato":"2 minuti"},"schema":{"@context":"https:\/\/schema.org","@graph":[{"@type":"WebPage","@id":"https:\/\/www.goriziane.it\/mro\/innovazione-ricerca-e-sviluppo\/","url":"https:\/\/www.goriziane.it\/mro\/innovazione-ricerca-e-sviluppo\/","name":"Innovazione Ricerca e Sviluppo - Maintenance, Repair and Overhaul","isPartOf":{"@id":"https:\/\/www.goriziane.it\/mro\/#website"},"primaryImageOfPage":{"@id":"https:\/\/www.goriziane.it\/mro\/innovazione-ricerca-e-sviluppo\/#primaryimage"},"image":{"@id":"https:\/\/www.goriziane.it\/mro\/innovazione-ricerca-e-sviluppo\/#primaryimage"},"thumbnailUrl":"https:\/\/goriziane.vps01-multiways.it\/mro\/wp-content\/uploads\/sites\/2\/2024\/11\/r-d-goriziane-1024x587.jpg","datePublished":"2024-12-20T11:46:03+00:00","dateModified":"2025-03-06T08:25:55+00:00","description":"Goriziane S.p.A. investe costantemente in ricerca e sviluppo puntando a fornire ai clienti prodotti innovativi e a soddisfare tutte le esigenze.","breadcrumb":{"@id":"https:\/\/www.goriziane.it\/mro\/innovazione-ricerca-e-sviluppo\/#breadcrumb"},"inLanguage":"it-IT","potentialAction":[{"@type":"ReadAction","target":["https:\/\/www.goriziane.it\/mro\/innovazione-ricerca-e-sviluppo\/"]}]},{"@type":"ImageObject","inLanguage":"it-IT","@id":"https:\/\/www.goriziane.it\/mro\/innovazione-ricerca-e-sviluppo\/#primaryimage","url":"https:\/\/goriziane.vps01-multiways.it\/mro\/wp-content\/uploads\/sites\/2\/2024\/11\/r-d-goriziane-1024x587.jpg","contentUrl":"https:\/\/goriziane.vps01-multiways.it\/mro\/wp-content\/uploads\/sites\/2\/2024\/11\/r-d-goriziane-1024x587.jpg"},{"@type":"BreadcrumbList","@id":"https:\/\/www.goriziane.it\/mro\/innovazione-ricerca-e-sviluppo\/#breadcrumb","itemListElement":[{"@type":"ListItem","position":1,"name":"Home","item":"https:\/\/www.goriziane.it\/mro\/"},{"@type":"ListItem","position":2,"name":"Innovazione Ricerca e Sviluppo"}]},{"@type":"WebSite","@id":"https:\/\/www.goriziane.it\/mro\/#website","url":"https:\/\/www.goriziane.it\/mro\/","name":"Maintenance, Repair and Overhaul","description":"","potentialAction":[{"@type":"SearchAction","target":{"@type":"EntryPoint","urlTemplate":"https:\/\/www.goriziane.it\/mro\/?s={search_term_string}"},"query-input":{"@type":"PropertyValueSpecification","valueRequired":true,"valueName":"search_term_string"}}],"inLanguage":"it-IT"}]}},"_links":{"self":[{"href":"https:\/\/www.goriziane.it\/mro\/wp-json\/wp\/v2\/pages\/9335"}],"collection":[{"href":"https:\/\/www.goriziane.it\/mro\/wp-json\/wp\/v2\/pages"}],"about":[{"href":"https:\/\/www.goriziane.it\/mro\/wp-json\/wp\/v2\/types\/page"}],"author":[{"embeddable":true,"href":"https:\/\/www.goriziane.it\/mro\/wp-json\/wp\/v2\/users\/1"}],"replies":[{"embeddable":true,"href":"https:\/\/www.goriziane.it\/mro\/wp-json\/wp\/v2\/comments?post=9335"}],"version-history":[{"count":11,"href":"https:\/\/www.goriziane.it\/mro\/wp-json\/wp\/v2\/pages\/9335\/revisions"}],"predecessor-version":[{"id":9808,"href":"https:\/\/www.goriziane.it\/mro\/wp-json\/wp\/v2\/pages\/9335\/revisions\/9808"}],"wp:attachment":[{"href":"https:\/\/www.goriziane.it\/mro\/wp-json\/wp\/v2\/media?parent=9335"}],"curies":[{"name":"wp","href":"https:\/\/api.w.org\/{rel}","templated":true}]}}