{"id":9397,"date":"2024-12-23T10:11:08","date_gmt":"2024-12-23T09:11:08","guid":{"rendered":"https:\/\/goriziane.vps01-multiways.it\/mro\/?page_id=9397"},"modified":"2025-04-03T13:33:09","modified_gmt":"2025-04-03T11:33:09","slug":"supporto-logistico-integrato","status":"publish","type":"page","link":"https:\/\/www.goriziane.it\/mro\/competenze\/supporto-logistico-integrato\/","title":{"rendered":"ILS &#8211; Supporto logistico integrato"},"content":{"rendered":"\t\t<div data-elementor-type=\"wp-page\" data-elementor-id=\"9397\" class=\"elementor elementor-9397\">\n\t\t\t\t\t\t<section class=\"elementor-section elementor-top-section elementor-element elementor-element-8ab5842 elementor-section-full_width qodef-elementor-content-grid elementor-section-height-default elementor-section-height-default\" data-id=\"8ab5842\" data-element_type=\"section\" data-settings=\"{&quot;background_background&quot;:&quot;classic&quot;}\">\n\t\t\t\t\t\t<div class=\"elementor-container elementor-column-gap-default\">\n\t\t\t\t\t<div class=\"elementor-column elementor-col-100 elementor-top-column elementor-element elementor-element-21a0e6d\" data-id=\"21a0e6d\" data-element_type=\"column\">\n\t\t\t<div class=\"elementor-widget-wrap elementor-element-populated\">\n\t\t\t\t\t\t<div class=\"elementor-element elementor-element-944df47 elementor-widget elementor-widget-manufaktursolutions_core_section_title\" data-id=\"944df47\" data-element_type=\"widget\" data-widget_type=\"manufaktursolutions_core_section_title.default\">\n\t\t\t\t<div class=\"elementor-widget-container\">\n\t\t\t<div class=\"qodef-shortcode qodef-m  qodef-section-title qodef-alignment--left qodef-title-break--disabled  \">\n\t\t<p class=\"qodef-m-highlight-text\" style=\"color: #FFFFFF;margin-bottom: 25px\">Competenze<\/p>\n\t\t<h1 class=\"qodef-m-title\" style=\"color: #FFFFFF\">\n\t\t\t\t\tILS - Supporto logistico integrato\t\t\t<\/h1>\n\t\t<\/div>\n\t\t<\/div>\n\t\t\t\t<\/div>\n\t\t\t\t\t<\/div>\n\t\t<\/div>\n\t\t\t\t\t<\/div>\n\t\t<\/section>\n\t\t\t\t<section class=\"elementor-section elementor-top-section elementor-element elementor-element-44d9185 elementor-section-full_width qodef-elementor-content-grid elementor-section-height-default elementor-section-height-default\" data-id=\"44d9185\" data-element_type=\"section\" data-settings=\"{&quot;background_background&quot;:&quot;classic&quot;}\">\n\t\t\t\t\t\t\t<div class=\"elementor-background-overlay\"><\/div>\n\t\t\t\t\t\t\t<div class=\"elementor-container elementor-column-gap-default\">\n\t\t\t\t\t<div class=\"elementor-column elementor-col-50 elementor-top-column elementor-element elementor-element-7b7d6d7\" data-id=\"7b7d6d7\" data-element_type=\"column\">\n\t\t\t<div class=\"elementor-widget-wrap elementor-element-populated\">\n\t\t\t\t\t\t<div class=\"elementor-element elementor-element-92b0a15 elementor-widget elementor-widget-manufaktursolutions_core_section_title\" data-id=\"92b0a15\" data-element_type=\"widget\" data-widget_type=\"manufaktursolutions_core_section_title.default\">\n\t\t\t\t<div class=\"elementor-widget-container\">\n\t\t\t<div class=\"qodef-shortcode qodef-m  qodef-section-title qodef-alignment--left qodef-title-break--disabled  \">\n\t\t\t<h2 class=\"qodef-m-title\" style=\"color: #0F5EA5\">\n\t\t\t\t\tIl nostro<br \/> magazzino copre pi\u00f9 di 10.000 mq\t\t\t<\/h2>\n\t\t<\/div>\n\t\t<\/div>\n\t\t\t\t<\/div>\n\t\t\t\t<div class=\"elementor-element elementor-element-7b13e43 elementor-widget elementor-widget-manufaktursolutions_core_button\" data-id=\"7b13e43\" data-element_type=\"widget\" data-widget_type=\"manufaktursolutions_core_button.default\">\n\t\t\t\t<div class=\"elementor-widget-container\">\n\t\t\t<a class=\"qodef-shortcode qodef-m  qodef-button qodef-layout--filled  qodef-html--link\" href=\"\/mro\/wp-content\/uploads\/sites\/2\/2024\/11\/GOR_brochure_MRO_low.pdf\" target=\"_blank\"  style=\"color: #FFFFFF\">\n\t<span class=\"qodef-m-text\">Download Brochure<\/span>\n\t<span class=\"qodef-m-button-arrow-holder\" >\n        <svg class=\"qodef-svg--button-arrow\" xmlns=\"http:\/\/www.w3.org\/2000\/svg\" width=\"17.65\" height=\"13.1\"\n     viewBox=\"0 0 17.65 13.1\"><path d=\"m11.75 13.1-1.275-1.275L14.1 8.2l.85-.575-.1-.3-1.025.125H0V5.625h13.825l1.025.15.1-.3-.85-.575-3.625-3.625L11.75 0l5.9 5.9v1.3Z\"\/><path d=\"m11.75 13.1-1.275-1.275L14.1 8.2l.85-.575-.1-.3-1.025.125H0V5.625h13.825l1.025.15.1-.3-.85-.575-3.625-3.625L11.75 0l5.9 5.9v1.3Z\"\/><\/svg>    <\/span>\n<\/a>\n\t\t<\/div>\n\t\t\t\t<\/div>\n\t\t\t\t\t<\/div>\n\t\t<\/div>\n\t\t\t\t<div class=\"elementor-column elementor-col-50 elementor-top-column elementor-element elementor-element-85af184\" data-id=\"85af184\" data-element_type=\"column\">\n\t\t\t<div class=\"elementor-widget-wrap elementor-element-populated\">\n\t\t\t\t\t\t<div class=\"elementor-element elementor-element-d423996 elementor-widget elementor-widget-manufaktursolutions_core_section_title\" data-id=\"d423996\" data-element_type=\"widget\" data-widget_type=\"manufaktursolutions_core_section_title.default\">\n\t\t\t\t<div class=\"elementor-widget-container\">\n\t\t\t<div class=\"qodef-shortcode qodef-m  qodef-section-title qodef-alignment--left   \">\n\t\t\t\t\t<p class=\"qodef-m-text\" style=\"margin-top: 10px\">Il nostro magazzino copre pi\u00f9 di 10.000 mq. \u00c8 suddiviso in 3 aree di stoccaggio di oltre 2.000 mq pi\u00f9 un magazzino di 10.000 mq per gestire una logistica integrata.<\/p>\n<\/div>\n\t\t<\/div>\n\t\t\t\t<\/div>\n\t\t\t\t<div class=\"elementor-element elementor-element-099f5de elementor-widget elementor-widget-manufaktursolutions_core_section_title\" data-id=\"099f5de\" data-element_type=\"widget\" data-widget_type=\"manufaktursolutions_core_section_title.default\">\n\t\t\t\t<div class=\"elementor-widget-container\">\n\t\t\t<div class=\"qodef-shortcode qodef-m  qodef-section-title qodef-alignment--left   \">\n\t\t\t\t\t<p class=\"qodef-m-text\" style=\"margin-top: 10px\">Goriziane, adottando un processo ILS (Integrated Logistic Support) si pone come obiettivo quotidiano la messa a disposizione delle parti di ricambio per garantire un sistema logistico solido in grado di contribuire alla massima efficienza e alla piena operativit\u00e0 dei veicoli.<\/p>\n<\/div>\n\t\t<\/div>\n\t\t\t\t<\/div>\n\t\t\t\t<div class=\"elementor-element elementor-element-574b989 elementor-widget elementor-widget-manufaktursolutions_core_section_title\" data-id=\"574b989\" data-element_type=\"widget\" data-widget_type=\"manufaktursolutions_core_section_title.default\">\n\t\t\t\t<div class=\"elementor-widget-container\">\n\t\t\t<div class=\"qodef-shortcode qodef-m  qodef-section-title qodef-alignment--left   \">\n\t\t\t\t\t<p class=\"qodef-m-text\" style=\"margin-top: 10px\">La spinta all\u2019internazionalizzazione e la consolidata collaborazione con gli OEM, ha permesso all\u2019azienda di porsi come centro logistico per l\u2019Europa su alcune piattaforme strategiche, sviluppando una supply chain locale. <\/p>\n<\/div>\n\t\t<\/div>\n\t\t\t\t<\/div>\n\t\t\t\t\t<\/div>\n\t\t<\/div>\n\t\t\t\t\t<\/div>\n\t\t<\/section>\n\t\t\t\t<section class=\"elementor-section elementor-top-section elementor-element elementor-element-5484ef4 elementor-section-full_width elementor-section-height-default elementor-section-height-default qodef-elementor-content-no\" data-id=\"5484ef4\" data-element_type=\"section\">\n\t\t\t\t\t\t<div class=\"elementor-container elementor-column-gap-default\">\n\t\t\t\t\t<div class=\"elementor-column elementor-col-100 elementor-top-column elementor-element elementor-element-f555511\" data-id=\"f555511\" data-element_type=\"column\">\n\t\t\t<div class=\"elementor-widget-wrap elementor-element-populated\">\n\t\t\t\t\t\t<div class=\"elementor-element elementor-element-5b8f67f elementor-widget elementor-widget-manufaktursolutions_core_image_gallery\" data-id=\"5b8f67f\" data-element_type=\"widget\" data-widget_type=\"manufaktursolutions_core_image_gallery.default\">\n\t\t\t\t<div class=\"elementor-widget-container\">\n\t\t\t<div class=\"qodef-shortcode qodef-m  qodef-image-gallery qodef-magnific-popup qodef-popup-gallery   qodef-grid qodef-layout--masonry qodef-items--fixed qodef-gutter--normal qodef-col-num--4  qodef-responsive--custom qodef-col-num--1440--4 qodef-col-num--1366--4 qodef-col-num--1024--2 qodef-col-num--768--2 qodef-col-num--680--1 qodef-col-num--480--1\">\n\t<div class=\"qodef-grid-inner clear\">\n\t\t\t<div class=\"qodef-grid-masonry-sizer\"><\/div>\n\t<div class=\"qodef-grid-masonry-gutter\"><\/div>\n<div class=\"qodef-e qodef-image-wrapper qodef-grid-item  qodef-item--huge-square\">\n\t\t\t<a class=\"qodef-popup-item\" itemprop=\"image\" href=\"https:\/\/www.goriziane.it\/mro\/wp-content\/uploads\/sites\/2\/2025\/01\/capacita-ils-02.jpg\" data-type=\"image\" title=\"\">\n\t\t\t<img fetchpriority=\"high\" decoding=\"async\" width=\"1073\" height=\"1073\" src=\"https:\/\/www.goriziane.it\/mro\/wp-content\/uploads\/sites\/2\/2025\/01\/capacita-ils-02.jpg\" class=\"attachment-manufaktursolutions_core_image_size_huge-square size-manufaktursolutions_core_image_size_huge-square\" alt=\"\" srcset=\"https:\/\/www.goriziane.it\/mro\/wp-content\/uploads\/sites\/2\/2025\/01\/capacita-ils-02.jpg 1073w, https:\/\/www.goriziane.it\/mro\/wp-content\/uploads\/sites\/2\/2025\/01\/capacita-ils-02-300x300.jpg 300w, https:\/\/www.goriziane.it\/mro\/wp-content\/uploads\/sites\/2\/2025\/01\/capacita-ils-02-1024x1024.jpg 1024w, https:\/\/www.goriziane.it\/mro\/wp-content\/uploads\/sites\/2\/2025\/01\/capacita-ils-02-150x150.jpg 150w, https:\/\/www.goriziane.it\/mro\/wp-content\/uploads\/sites\/2\/2025\/01\/capacita-ils-02-768x768.jpg 768w, https:\/\/www.goriziane.it\/mro\/wp-content\/uploads\/sites\/2\/2025\/01\/capacita-ils-02-650x650.jpg 650w\" sizes=\"(max-width: 1073px) 100vw, 1073px\" \/>\t\t\t<\/a>\n\t<\/div>\n<div class=\"qodef-e qodef-image-wrapper qodef-grid-item  qodef-item--landscape\">\n\t\t\t<a class=\"qodef-popup-item\" itemprop=\"image\" href=\"https:\/\/www.goriziane.it\/mro\/wp-content\/uploads\/sites\/2\/2025\/01\/capacita-ils-03.jpg\" data-type=\"image\" title=\"\">\n\t\t\t<img decoding=\"async\" width=\"1100\" height=\"528\" src=\"https:\/\/www.goriziane.it\/mro\/wp-content\/uploads\/sites\/2\/2025\/01\/capacita-ils-03.jpg\" class=\"attachment-manufaktursolutions_core_image_size_landscape size-manufaktursolutions_core_image_size_landscape\" alt=\"\" srcset=\"https:\/\/www.goriziane.it\/mro\/wp-content\/uploads\/sites\/2\/2025\/01\/capacita-ils-03.jpg 1100w, https:\/\/www.goriziane.it\/mro\/wp-content\/uploads\/sites\/2\/2025\/01\/capacita-ils-03-300x144.jpg 300w, https:\/\/www.goriziane.it\/mro\/wp-content\/uploads\/sites\/2\/2025\/01\/capacita-ils-03-1024x492.jpg 1024w, https:\/\/www.goriziane.it\/mro\/wp-content\/uploads\/sites\/2\/2025\/01\/capacita-ils-03-768x369.jpg 768w\" sizes=\"(max-width: 1100px) 100vw, 1100px\" \/>\t\t\t<\/a>\n\t<\/div>\n<div class=\"qodef-e qodef-image-wrapper qodef-grid-item  qodef-item--landscape\">\n\t\t\t<a class=\"qodef-popup-item\" itemprop=\"image\" href=\"https:\/\/www.goriziane.it\/mro\/wp-content\/uploads\/sites\/2\/2025\/01\/capacita-ils-04.jpg\" data-type=\"image\" title=\"\">\n\t\t\t<img decoding=\"async\" width=\"1100\" height=\"528\" src=\"https:\/\/www.goriziane.it\/mro\/wp-content\/uploads\/sites\/2\/2025\/01\/capacita-ils-04.jpg\" class=\"attachment-manufaktursolutions_core_image_size_landscape size-manufaktursolutions_core_image_size_landscape\" alt=\"\" srcset=\"https:\/\/www.goriziane.it\/mro\/wp-content\/uploads\/sites\/2\/2025\/01\/capacita-ils-04.jpg 1100w, https:\/\/www.goriziane.it\/mro\/wp-content\/uploads\/sites\/2\/2025\/01\/capacita-ils-04-300x144.jpg 300w, https:\/\/www.goriziane.it\/mro\/wp-content\/uploads\/sites\/2\/2025\/01\/capacita-ils-04-1024x492.jpg 1024w, https:\/\/www.goriziane.it\/mro\/wp-content\/uploads\/sites\/2\/2025\/01\/capacita-ils-04-768x369.jpg 768w\" sizes=\"(max-width: 1100px) 100vw, 1100px\" \/>\t\t\t<\/a>\n\t<\/div>\n\t<\/div>\n<\/div>\n\t\t<\/div>\n\t\t\t\t<\/div>\n\t\t\t\t\t<\/div>\n\t\t<\/div>\n\t\t\t\t\t<\/div>\n\t\t<\/section>\n\t\t\t\t<\/div>\n\t\t","protected":false},"excerpt":{"rendered":"<p>Competenze ILS &#8211; Supporto logistico integrato Il nostro magazzino copre pi\u00f9 di 10.000 mq Download Brochure Il nostro magazzino copre pi\u00f9 di 10.000 mq. \u00c8 suddiviso in 3 aree di stoccaggio di oltre 2.000 mq pi\u00f9 un magazzino di 10.000 mq per gestire una logistica integrata. Goriziane, adottando un processo ILS (Integrated Logistic Support) si [&hellip;]<\/p>\n","protected":false},"author":1,"featured_media":0,"parent":9364,"menu_order":0,"comment_status":"closed","ping_status":"closed","template":"page-full-width.php","meta":{"footnotes":""},"class_list":["post-9397","page","type-page","status-publish","hentry"],"yoast_head":"<!-- This site is optimized with the Yoast SEO plugin v25.0 - https:\/\/yoast.com\/wordpress\/plugins\/seo\/ -->\n<title>ILS - Supporto logistico integrato - Maintenance, Repair and Overhaul<\/title>\n<meta name=\"robots\" content=\"index, follow, max-snippet:-1, max-image-preview:large, max-video-preview:-1\" \/>\n<link rel=\"canonical\" href=\"https:\/\/www.goriziane.it\/mro\/competenze\/supporto-logistico-integrato\/\" \/>\n<meta property=\"og:locale\" content=\"it_IT\" \/>\n<meta property=\"og:type\" content=\"article\" \/>\n<meta property=\"og:title\" content=\"ILS - Supporto logistico integrato - Maintenance, Repair and Overhaul\" \/>\n<meta property=\"og:description\" content=\"Competenze ILS &#8211; Supporto logistico integrato Il nostro magazzino copre pi\u00f9 di 10.000 mq Download Brochure Il nostro magazzino copre pi\u00f9 di 10.000 mq. \u00c8 suddiviso in 3 aree di stoccaggio di oltre 2.000 mq pi\u00f9 un magazzino di 10.000 mq per gestire una logistica integrata. Goriziane, adottando un processo ILS (Integrated Logistic Support) si [&hellip;]\" \/>\n<meta property=\"og:url\" content=\"https:\/\/www.goriziane.it\/mro\/competenze\/supporto-logistico-integrato\/\" \/>\n<meta property=\"og:site_name\" content=\"Maintenance, Repair and Overhaul\" \/>\n<meta property=\"article:modified_time\" content=\"2025-04-03T11:33:09+00:00\" \/>\n<meta property=\"og:image\" content=\"https:\/\/www.goriziane.it\/mro\/wp-content\/uploads\/sites\/2\/2025\/01\/capacita-ils-02.jpg\" \/>\n<meta name=\"twitter:card\" content=\"summary_large_image\" \/>\n<meta name=\"twitter:label1\" content=\"Tempo di lettura stimato\" \/>\n\t<meta name=\"twitter:data1\" content=\"2 minuti\" \/>\n<script type=\"application\/ld+json\" class=\"yoast-schema-graph\">{\"@context\":\"https:\/\/schema.org\",\"@graph\":[{\"@type\":\"WebPage\",\"@id\":\"https:\/\/www.goriziane.it\/mro\/competenze\/supporto-logistico-integrato\/\",\"url\":\"https:\/\/www.goriziane.it\/mro\/competenze\/supporto-logistico-integrato\/\",\"name\":\"ILS - Supporto logistico integrato - Maintenance, Repair and Overhaul\",\"isPartOf\":{\"@id\":\"https:\/\/www.goriziane.it\/mro\/#website\"},\"primaryImageOfPage\":{\"@id\":\"https:\/\/www.goriziane.it\/mro\/competenze\/supporto-logistico-integrato\/#primaryimage\"},\"image\":{\"@id\":\"https:\/\/www.goriziane.it\/mro\/competenze\/supporto-logistico-integrato\/#primaryimage\"},\"thumbnailUrl\":\"https:\/\/www.goriziane.it\/mro\/wp-content\/uploads\/sites\/2\/2025\/01\/capacita-ils-02.jpg\",\"datePublished\":\"2024-12-23T09:11:08+00:00\",\"dateModified\":\"2025-04-03T11:33:09+00:00\",\"breadcrumb\":{\"@id\":\"https:\/\/www.goriziane.it\/mro\/competenze\/supporto-logistico-integrato\/#breadcrumb\"},\"inLanguage\":\"it-IT\",\"potentialAction\":[{\"@type\":\"ReadAction\",\"target\":[\"https:\/\/www.goriziane.it\/mro\/competenze\/supporto-logistico-integrato\/\"]}]},{\"@type\":\"ImageObject\",\"inLanguage\":\"it-IT\",\"@id\":\"https:\/\/www.goriziane.it\/mro\/competenze\/supporto-logistico-integrato\/#primaryimage\",\"url\":\"https:\/\/www.goriziane.it\/mro\/wp-content\/uploads\/sites\/2\/2025\/01\/capacita-ils-02.jpg\",\"contentUrl\":\"https:\/\/www.goriziane.it\/mro\/wp-content\/uploads\/sites\/2\/2025\/01\/capacita-ils-02.jpg\"},{\"@type\":\"BreadcrumbList\",\"@id\":\"https:\/\/www.goriziane.it\/mro\/competenze\/supporto-logistico-integrato\/#breadcrumb\",\"itemListElement\":[{\"@type\":\"ListItem\",\"position\":1,\"name\":\"Home\",\"item\":\"https:\/\/www.goriziane.it\/mro\/\"},{\"@type\":\"ListItem\",\"position\":2,\"name\":\"Competenze\",\"item\":\"https:\/\/www.goriziane.it\/mro\/competenze\/\"},{\"@type\":\"ListItem\",\"position\":3,\"name\":\"ILS &#8211; Supporto logistico integrato\"}]},{\"@type\":\"WebSite\",\"@id\":\"https:\/\/www.goriziane.it\/mro\/#website\",\"url\":\"https:\/\/www.goriziane.it\/mro\/\",\"name\":\"Maintenance, Repair and Overhaul\",\"description\":\"\",\"potentialAction\":[{\"@type\":\"SearchAction\",\"target\":{\"@type\":\"EntryPoint\",\"urlTemplate\":\"https:\/\/www.goriziane.it\/mro\/?s={search_term_string}\"},\"query-input\":{\"@type\":\"PropertyValueSpecification\",\"valueRequired\":true,\"valueName\":\"search_term_string\"}}],\"inLanguage\":\"it-IT\"}]}<\/script>\n<!-- \/ Yoast SEO plugin. -->","yoast_head_json":{"title":"ILS - Supporto logistico integrato - Maintenance, Repair and Overhaul","robots":{"index":"index","follow":"follow","max-snippet":"max-snippet:-1","max-image-preview":"max-image-preview:large","max-video-preview":"max-video-preview:-1"},"canonical":"https:\/\/www.goriziane.it\/mro\/competenze\/supporto-logistico-integrato\/","og_locale":"it_IT","og_type":"article","og_title":"ILS - Supporto logistico integrato - Maintenance, Repair and Overhaul","og_description":"Competenze ILS &#8211; Supporto logistico integrato Il nostro magazzino copre pi\u00f9 di 10.000 mq Download Brochure Il nostro magazzino copre pi\u00f9 di 10.000 mq. \u00c8 suddiviso in 3 aree di stoccaggio di oltre 2.000 mq pi\u00f9 un magazzino di 10.000 mq per gestire una logistica integrata. Goriziane, adottando un processo ILS (Integrated Logistic Support) si [&hellip;]","og_url":"https:\/\/www.goriziane.it\/mro\/competenze\/supporto-logistico-integrato\/","og_site_name":"Maintenance, Repair and Overhaul","article_modified_time":"2025-04-03T11:33:09+00:00","og_image":[{"url":"https:\/\/www.goriziane.it\/mro\/wp-content\/uploads\/sites\/2\/2025\/01\/capacita-ils-02.jpg","type":"","width":"","height":""}],"twitter_card":"summary_large_image","twitter_misc":{"Tempo di lettura stimato":"2 minuti"},"schema":{"@context":"https:\/\/schema.org","@graph":[{"@type":"WebPage","@id":"https:\/\/www.goriziane.it\/mro\/competenze\/supporto-logistico-integrato\/","url":"https:\/\/www.goriziane.it\/mro\/competenze\/supporto-logistico-integrato\/","name":"ILS - Supporto logistico integrato - Maintenance, Repair and Overhaul","isPartOf":{"@id":"https:\/\/www.goriziane.it\/mro\/#website"},"primaryImageOfPage":{"@id":"https:\/\/www.goriziane.it\/mro\/competenze\/supporto-logistico-integrato\/#primaryimage"},"image":{"@id":"https:\/\/www.goriziane.it\/mro\/competenze\/supporto-logistico-integrato\/#primaryimage"},"thumbnailUrl":"https:\/\/www.goriziane.it\/mro\/wp-content\/uploads\/sites\/2\/2025\/01\/capacita-ils-02.jpg","datePublished":"2024-12-23T09:11:08+00:00","dateModified":"2025-04-03T11:33:09+00:00","breadcrumb":{"@id":"https:\/\/www.goriziane.it\/mro\/competenze\/supporto-logistico-integrato\/#breadcrumb"},"inLanguage":"it-IT","potentialAction":[{"@type":"ReadAction","target":["https:\/\/www.goriziane.it\/mro\/competenze\/supporto-logistico-integrato\/"]}]},{"@type":"ImageObject","inLanguage":"it-IT","@id":"https:\/\/www.goriziane.it\/mro\/competenze\/supporto-logistico-integrato\/#primaryimage","url":"https:\/\/www.goriziane.it\/mro\/wp-content\/uploads\/sites\/2\/2025\/01\/capacita-ils-02.jpg","contentUrl":"https:\/\/www.goriziane.it\/mro\/wp-content\/uploads\/sites\/2\/2025\/01\/capacita-ils-02.jpg"},{"@type":"BreadcrumbList","@id":"https:\/\/www.goriziane.it\/mro\/competenze\/supporto-logistico-integrato\/#breadcrumb","itemListElement":[{"@type":"ListItem","position":1,"name":"Home","item":"https:\/\/www.goriziane.it\/mro\/"},{"@type":"ListItem","position":2,"name":"Competenze","item":"https:\/\/www.goriziane.it\/mro\/competenze\/"},{"@type":"ListItem","position":3,"name":"ILS &#8211; Supporto logistico integrato"}]},{"@type":"WebSite","@id":"https:\/\/www.goriziane.it\/mro\/#website","url":"https:\/\/www.goriziane.it\/mro\/","name":"Maintenance, Repair and Overhaul","description":"","potentialAction":[{"@type":"SearchAction","target":{"@type":"EntryPoint","urlTemplate":"https:\/\/www.goriziane.it\/mro\/?s={search_term_string}"},"query-input":{"@type":"PropertyValueSpecification","valueRequired":true,"valueName":"search_term_string"}}],"inLanguage":"it-IT"}]}},"_links":{"self":[{"href":"https:\/\/www.goriziane.it\/mro\/wp-json\/wp\/v2\/pages\/9397"}],"collection":[{"href":"https:\/\/www.goriziane.it\/mro\/wp-json\/wp\/v2\/pages"}],"about":[{"href":"https:\/\/www.goriziane.it\/mro\/wp-json\/wp\/v2\/types\/page"}],"author":[{"embeddable":true,"href":"https:\/\/www.goriziane.it\/mro\/wp-json\/wp\/v2\/users\/1"}],"replies":[{"embeddable":true,"href":"https:\/\/www.goriziane.it\/mro\/wp-json\/wp\/v2\/comments?post=9397"}],"version-history":[{"count":23,"href":"https:\/\/www.goriziane.it\/mro\/wp-json\/wp\/v2\/pages\/9397\/revisions"}],"predecessor-version":[{"id":9989,"href":"https:\/\/www.goriziane.it\/mro\/wp-json\/wp\/v2\/pages\/9397\/revisions\/9989"}],"up":[{"embeddable":true,"href":"https:\/\/www.goriziane.it\/mro\/wp-json\/wp\/v2\/pages\/9364"}],"wp:attachment":[{"href":"https:\/\/www.goriziane.it\/mro\/wp-json\/wp\/v2\/media?parent=9397"}],"curies":[{"name":"wp","href":"https:\/\/api.w.org\/{rel}","templated":true}]}}